{"id":170,"date":"2022-01-26T22:20:34","date_gmt":"2022-01-26T19:20:34","guid":{"rendered":"https:\/\/www.sirenacar.com\/?page_id=170"},"modified":"2024-07-16T16:29:42","modified_gmt":"2024-07-16T13:29:42","slug":"anasayfa","status":"publish","type":"page","link":"https:\/\/www.sirenacar.com\/en\/","title":{"rendered":"Experience the Liberty"},"content":{"rendered":"","protected":false},"excerpt":{"rendered":"","protected":false},"author":1,"featured_media":114,"parent":0,"menu_order":0,"comment_status":"closed","ping_status":"closed","template":"page-templates\/frontpage.php","meta":{"footnotes":""},"class_list":["post-170","page","type-page","status-publish","has-post-thumbnail","hentry"],"yoast_head":"<!-- This site is optimized with the Yoast SEO plugin v27.4 - https:\/\/yoast.com\/product\/yoast-seo-wordpress\/ -->\n<title>Experience the Liberty &#8211; Kurumsal Ara\u00e7 Kiralama<\/title>\n<meta name=\"description\" content=\"Kurumsal Ara\u00e7 Kiralaman\u0131n Tam Adresi, Biz m\u00fc\u015fteri de\u011fil, arabam\u0131za bir misafirimiz olarak Sirena diyoruz. Sirena Ara\u00e7 Kiralama\u2019 da t\u00fcm m\u00fc\u015fterilerimiz % 100 M\u00fc\u015fteri Memnuniyet Garantisi alt\u0131ndad\u0131r.\" \/>\n<meta name=\"robots\" content=\"index, follow, max-snippet:-1, max-image-preview:large, max-video-preview:-1\" \/>\n<link rel=\"canonical\" href=\"https:\/\/www.sirenacar.com\/en\/\" \/>\n<meta property=\"og:locale\" content=\"en_US\" \/>\n<meta property=\"og:type\" content=\"article\" \/>\n<meta property=\"og:title\" content=\"Sirena Car - Anasayfa\" \/>\n<meta property=\"og:description\" content=\"Kurumsal Ara\u00e7 Kiralaman\u0131n Tam Adresi, Biz m\u00fc\u015fteri de\u011fil, arabam\u0131za bir misafirimiz olarak Sirena diyoruz. Sirena Ara\u00e7 Kiralama\u2019 da t\u00fcm m\u00fc\u015fterilerimiz % 100 M\u00fc\u015fteri Memnuniyet Garantisi alt\u0131ndad\u0131r.\" \/>\n<meta property=\"og:url\" content=\"https:\/\/www.sirenacar.com\/en\/\" \/>\n<meta property=\"og:site_name\" content=\"Kurumsal Ara\u00e7 Kiralama\" \/>\n<meta property=\"article:publisher\" content=\"https:\/\/www.facebook.com\/sirenarentacar\" \/>\n<meta property=\"article:modified_time\" content=\"2024-07-16T13:29:42+00:00\" \/>\n<meta property=\"og:image\" content=\"https:\/\/www.sirenacar.com\/wp-content\/uploads\/2022\/02\/Sosyal-Medya-Kucuk-Resim.jpg\" \/>\n\t<meta property=\"og:image:width\" content=\"200\" \/>\n\t<meta property=\"og:image:height\" content=\"200\" \/>\n\t<meta property=\"og:image:type\" content=\"image\/jpeg\" \/>\n<meta name=\"twitter:card\" content=\"summary_large_image\" \/>\n<meta name=\"twitter:title\" content=\"Sirena Car - Anasayfa\" \/>\n<meta name=\"twitter:description\" content=\"Kurumsal Ara\u00e7 Kiralaman\u0131n Tam Adresi, Biz m\u00fc\u015fteri de\u011fil, arabam\u0131za bir misafirimiz olarak Sirena diyoruz. Sirena Ara\u00e7 Kiralama\u2019 da t\u00fcm m\u00fc\u015fterilerimiz % 100 M\u00fc\u015fteri Memnuniyet Garantisi alt\u0131ndad\u0131r.\" \/>\n<meta name=\"twitter:image\" content=\"https:\/\/i0.wp.com\/www.sirenacar.com\/wp-content\/uploads\/2022\/02\/Sosyal-Medya-Kucuk-Resim.jpg?fit=200%2C200&ssl=1\" \/>\n<meta name=\"twitter:site\" content=\"@Sirenarentacar\" \/>\n<script type=\"application\/ld+json\" class=\"yoast-schema-graph\">{\"@context\":\"https:\\\/\\\/schema.org\",\"@graph\":[{\"@type\":\"WebPage\",\"@id\":\"https:\\\/\\\/www.sirenacar.com\\\/\",\"url\":\"https:\\\/\\\/www.sirenacar.com\\\/\",\"name\":\"Experience the Liberty &#8211; Kurumsal Ara\u00e7 Kiralama\",\"isPartOf\":{\"@id\":\"https:\\\/\\\/www.sirenacar.com\\\/#website\"},\"primaryImageOfPage\":{\"@id\":\"https:\\\/\\\/www.sirenacar.com\\\/#primaryimage\"},\"image\":{\"@id\":\"https:\\\/\\\/www.sirenacar.com\\\/#primaryimage\"},\"thumbnailUrl\":\"https:\\\/\\\/i0.wp.com\\\/www.sirenacar.com\\\/wp-content\\\/uploads\\\/2022\\\/01\\\/cropped-Logo-Symbol-PngGG-1.png?fit=512%2C512&ssl=1\",\"datePublished\":\"2022-01-26T19:20:34+00:00\",\"dateModified\":\"2024-07-16T13:29:42+00:00\",\"description\":\"Kurumsal Ara\u00e7 Kiralaman\u0131n Tam Adresi, Biz m\u00fc\u015fteri de\u011fil, arabam\u0131za bir misafirimiz olarak Sirena diyoruz. Sirena Ara\u00e7 Kiralama\u2019 da t\u00fcm m\u00fc\u015fterilerimiz % 100 M\u00fc\u015fteri Memnuniyet Garantisi alt\u0131ndad\u0131r.\",\"breadcrumb\":{\"@id\":\"https:\\\/\\\/www.sirenacar.com\\\/#breadcrumb\"},\"inLanguage\":\"en-US\",\"potentialAction\":[{\"@type\":\"ReadAction\",\"target\":[\"https:\\\/\\\/www.sirenacar.com\\\/\"]}]},{\"@type\":\"ImageObject\",\"inLanguage\":\"en-US\",\"@id\":\"https:\\\/\\\/www.sirenacar.com\\\/#primaryimage\",\"url\":\"https:\\\/\\\/i0.wp.com\\\/www.sirenacar.com\\\/wp-content\\\/uploads\\\/2022\\\/01\\\/cropped-Logo-Symbol-PngGG-1.png?fit=512%2C512&ssl=1\",\"contentUrl\":\"https:\\\/\\\/i0.wp.com\\\/www.sirenacar.com\\\/wp-content\\\/uploads\\\/2022\\\/01\\\/cropped-Logo-Symbol-PngGG-1.png?fit=512%2C512&ssl=1\",\"width\":512,\"height\":512},{\"@type\":\"BreadcrumbList\",\"@id\":\"https:\\\/\\\/www.sirenacar.com\\\/#breadcrumb\",\"itemListElement\":[{\"@type\":\"ListItem\",\"position\":1,\"name\":\"Kurumsal Ara\u00e7 Kiralama\",\"item\":\"https:\\\/\\\/www.sirenacar.com\\\/\"},{\"@type\":\"ListItem\",\"position\":2,\"name\":\"Experience the Liberty\"}]},{\"@type\":\"WebSite\",\"@id\":\"https:\\\/\\\/www.sirenacar.com\\\/#website\",\"url\":\"https:\\\/\\\/www.sirenacar.com\\\/\",\"name\":\"Kurumsal Ara\u00e7 Kiralama\",\"description\":\"Experience the Liberty\",\"publisher\":{\"@id\":\"https:\\\/\\\/www.sirenacar.com\\\/#organization\"},\"potentialAction\":[{\"@type\":\"SearchAction\",\"target\":{\"@type\":\"EntryPoint\",\"urlTemplate\":\"https:\\\/\\\/www.sirenacar.com\\\/?s={search_term_string}\"},\"query-input\":{\"@type\":\"PropertyValueSpecification\",\"valueRequired\":true,\"valueName\":\"search_term_string\"}}],\"inLanguage\":\"en-US\"},{\"@type\":\"Organization\",\"@id\":\"https:\\\/\\\/www.sirenacar.com\\\/#organization\",\"name\":\"Sirena Rent a Car\",\"url\":\"https:\\\/\\\/www.sirenacar.com\\\/\",\"logo\":{\"@type\":\"ImageObject\",\"inLanguage\":\"en-US\",\"@id\":\"https:\\\/\\\/www.sirenacar.com\\\/#\\\/schema\\\/logo\\\/image\\\/\",\"url\":\"https:\\\/\\\/i0.wp.com\\\/www.sirenacar.com\\\/wp-content\\\/uploads\\\/2022\\\/01\\\/Sirena-Logo-RESMI-PNG.png?fit=2771%2C609&ssl=1\",\"contentUrl\":\"https:\\\/\\\/i0.wp.com\\\/www.sirenacar.com\\\/wp-content\\\/uploads\\\/2022\\\/01\\\/Sirena-Logo-RESMI-PNG.png?fit=2771%2C609&ssl=1\",\"width\":2771,\"height\":609,\"caption\":\"Sirena Rent a Car\"},\"image\":{\"@id\":\"https:\\\/\\\/www.sirenacar.com\\\/#\\\/schema\\\/logo\\\/image\\\/\"},\"sameAs\":[\"https:\\\/\\\/www.facebook.com\\\/sirenarentacar\",\"https:\\\/\\\/x.com\\\/Sirenarentacar\",\"https:\\\/\\\/www.instagram.com\\\/sirenarentacar\",\"https:\\\/\\\/www.linkedin.com\\\/company\\\/sirena-car\"]}]}<\/script>\n<!-- \/ Yoast SEO plugin. -->","yoast_head_json":{"title":"Experience the Liberty &#8211; Kurumsal Ara\u00e7 Kiralama","description":"Kurumsal Ara\u00e7 Kiralaman\u0131n Tam Adresi, Biz m\u00fc\u015fteri de\u011fil, arabam\u0131za bir misafirimiz olarak Sirena diyoruz. Sirena Ara\u00e7 Kiralama\u2019 da t\u00fcm m\u00fc\u015fterilerimiz % 100 M\u00fc\u015fteri Memnuniyet Garantisi alt\u0131ndad\u0131r.","robots":{"index":"index","follow":"follow","max-snippet":"max-snippet:-1","max-image-preview":"max-image-preview:large","max-video-preview":"max-video-preview:-1"},"canonical":"https:\/\/www.sirenacar.com\/en\/","og_locale":"en_US","og_type":"article","og_title":"Sirena Car - Anasayfa","og_description":"Kurumsal Ara\u00e7 Kiralaman\u0131n Tam Adresi, Biz m\u00fc\u015fteri de\u011fil, arabam\u0131za bir misafirimiz olarak Sirena diyoruz. Sirena Ara\u00e7 Kiralama\u2019 da t\u00fcm m\u00fc\u015fterilerimiz % 100 M\u00fc\u015fteri Memnuniyet Garantisi alt\u0131ndad\u0131r.","og_url":"https:\/\/www.sirenacar.com\/en\/","og_site_name":"Kurumsal Ara\u00e7 Kiralama","article_publisher":"https:\/\/www.facebook.com\/sirenarentacar","article_modified_time":"2024-07-16T13:29:42+00:00","og_image":[{"width":200,"height":200,"url":"https:\/\/www.sirenacar.com\/wp-content\/uploads\/2022\/02\/Sosyal-Medya-Kucuk-Resim.jpg","type":"image\/jpeg"}],"twitter_card":"summary_large_image","twitter_title":"Sirena Car - Anasayfa","twitter_description":"Kurumsal Ara\u00e7 Kiralaman\u0131n Tam Adresi, Biz m\u00fc\u015fteri de\u011fil, arabam\u0131za bir misafirimiz olarak Sirena diyoruz. Sirena Ara\u00e7 Kiralama\u2019 da t\u00fcm m\u00fc\u015fterilerimiz % 100 M\u00fc\u015fteri Memnuniyet Garantisi alt\u0131ndad\u0131r.","twitter_image":"https:\/\/i0.wp.com\/www.sirenacar.com\/wp-content\/uploads\/2022\/02\/Sosyal-Medya-Kucuk-Resim.jpg?fit=200%2C200&ssl=1","twitter_site":"@Sirenarentacar","schema":{"@context":"https:\/\/schema.org","@graph":[{"@type":"WebPage","@id":"https:\/\/www.sirenacar.com\/","url":"https:\/\/www.sirenacar.com\/","name":"Experience the Liberty &#8211; Kurumsal Ara\u00e7 Kiralama","isPartOf":{"@id":"https:\/\/www.sirenacar.com\/#website"},"primaryImageOfPage":{"@id":"https:\/\/www.sirenacar.com\/#primaryimage"},"image":{"@id":"https:\/\/www.sirenacar.com\/#primaryimage"},"thumbnailUrl":"https:\/\/i0.wp.com\/www.sirenacar.com\/wp-content\/uploads\/2022\/01\/cropped-Logo-Symbol-PngGG-1.png?fit=512%2C512&ssl=1","datePublished":"2022-01-26T19:20:34+00:00","dateModified":"2024-07-16T13:29:42+00:00","description":"Kurumsal Ara\u00e7 Kiralaman\u0131n Tam Adresi, Biz m\u00fc\u015fteri de\u011fil, arabam\u0131za bir misafirimiz olarak Sirena diyoruz. Sirena Ara\u00e7 Kiralama\u2019 da t\u00fcm m\u00fc\u015fterilerimiz % 100 M\u00fc\u015fteri Memnuniyet Garantisi alt\u0131ndad\u0131r.","breadcrumb":{"@id":"https:\/\/www.sirenacar.com\/#breadcrumb"},"inLanguage":"en-US","potentialAction":[{"@type":"ReadAction","target":["https:\/\/www.sirenacar.com\/"]}]},{"@type":"ImageObject","inLanguage":"en-US","@id":"https:\/\/www.sirenacar.com\/#primaryimage","url":"https:\/\/i0.wp.com\/www.sirenacar.com\/wp-content\/uploads\/2022\/01\/cropped-Logo-Symbol-PngGG-1.png?fit=512%2C512&ssl=1","contentUrl":"https:\/\/i0.wp.com\/www.sirenacar.com\/wp-content\/uploads\/2022\/01\/cropped-Logo-Symbol-PngGG-1.png?fit=512%2C512&ssl=1","width":512,"height":512},{"@type":"BreadcrumbList","@id":"https:\/\/www.sirenacar.com\/#breadcrumb","itemListElement":[{"@type":"ListItem","position":1,"name":"Kurumsal Ara\u00e7 Kiralama","item":"https:\/\/www.sirenacar.com\/"},{"@type":"ListItem","position":2,"name":"Experience the Liberty"}]},{"@type":"WebSite","@id":"https:\/\/www.sirenacar.com\/#website","url":"https:\/\/www.sirenacar.com\/","name":"Corporate Car Rental","description":"Experience the Liberty","publisher":{"@id":"https:\/\/www.sirenacar.com\/#organization"},"potentialAction":[{"@type":"SearchAction","target":{"@type":"EntryPoint","urlTemplate":"https:\/\/www.sirenacar.com\/?s={search_term_string}"},"query-input":{"@type":"PropertyValueSpecification","valueRequired":true,"valueName":"search_term_string"}}],"inLanguage":"en-US"},{"@type":"Organization","@id":"https:\/\/www.sirenacar.com\/#organization","name":"Sirena Rent a Car","url":"https:\/\/www.sirenacar.com\/","logo":{"@type":"ImageObject","inLanguage":"en-US","@id":"https:\/\/www.sirenacar.com\/#\/schema\/logo\/image\/","url":"https:\/\/i0.wp.com\/www.sirenacar.com\/wp-content\/uploads\/2022\/01\/Sirena-Logo-RESMI-PNG.png?fit=2771%2C609&ssl=1","contentUrl":"https:\/\/i0.wp.com\/www.sirenacar.com\/wp-content\/uploads\/2022\/01\/Sirena-Logo-RESMI-PNG.png?fit=2771%2C609&ssl=1","width":2771,"height":609,"caption":"Sirena Rent a Car"},"image":{"@id":"https:\/\/www.sirenacar.com\/#\/schema\/logo\/image\/"},"sameAs":["https:\/\/www.facebook.com\/sirenarentacar","https:\/\/x.com\/Sirenarentacar","https:\/\/www.instagram.com\/sirenarentacar","https:\/\/www.linkedin.com\/company\/sirena-car"]}]}},"jetpack_sharing_enabled":true,"_links":{"self":[{"href":"https:\/\/www.sirenacar.com\/en\/wp-json\/wp\/v2\/pages\/170","targetHints":{"allow":["GET"]}}],"collection":[{"href":"https:\/\/www.sirenacar.com\/en\/wp-json\/wp\/v2\/pages"}],"about":[{"href":"https:\/\/www.sirenacar.com\/en\/wp-json\/wp\/v2\/types\/page"}],"author":[{"embeddable":true,"href":"https:\/\/www.sirenacar.com\/en\/wp-json\/wp\/v2\/users\/1"}],"replies":[{"embeddable":true,"href":"https:\/\/www.sirenacar.com\/en\/wp-json\/wp\/v2\/comments?post=170"}],"version-history":[{"count":2,"href":"https:\/\/www.sirenacar.com\/en\/wp-json\/wp\/v2\/pages\/170\/revisions"}],"predecessor-version":[{"id":258,"href":"https:\/\/www.sirenacar.com\/en\/wp-json\/wp\/v2\/pages\/170\/revisions\/258"}],"wp:featuredmedia":[{"embeddable":true,"href":"https:\/\/www.sirenacar.com\/en\/wp-json\/wp\/v2\/media\/114"}],"wp:attachment":[{"href":"https:\/\/www.sirenacar.com\/en\/wp-json\/wp\/v2\/media?parent=170"}],"curies":[{"name":"wp","href":"https:\/\/api.w.org\/{rel}","templated":true}]}}