{"id":232,"date":"2022-01-27T20:31:43","date_gmt":"2022-01-27T17:31:43","guid":{"rendered":"https:\/\/www.sirenacar.com\/?page_id=232"},"modified":"2026-01-03T16:29:41","modified_gmt":"2026-01-03T13:29:41","slug":"kiralama-sartlari","status":"publish","type":"page","link":"https:\/\/www.sirenacar.com\/en\/kiralama-sartlari\/","title":{"rendered":"Rental Terms"},"content":{"rendered":"<h4 class=\"font_0\">1-S\u00fcr\u00fcc\u00fc Ya\u015f\u0131<\/h4>\n<p class=\"font_8\">\u00a0 \u00a0 \u00a0Sigorta kapsam\u0131nda belirtilen \u015fartlara g\u00f6re s\u0131n\u0131f olarak ekonomik bir ara\u00e7 kiralayabilmek i\u00e7in s\u00fcr\u00fcc\u00fcn\u00fcn en az 21 ya\u015f\u0131nda olmas\u0131 gerekmektedir. Orta ve \u00dcst s\u0131n\u0131f ara\u00e7lar i\u00e7in 25 ya\u015f alt s\u0131n\u0131r olarak kabul edilmi\u015fken. L\u00fcks ve b\u00fcy\u00fck ara\u00e7lar i\u00e7in s\u00fcr\u00fcc\u00fcn\u00fcn en az 28 ya\u015f\u0131nda olmas\u0131 zorunlulu\u011fu mevcuttur.<\/p>\n<h4 class=\"font_0\">2. Ehliyet S\u00fcresi<\/h4>\n<p class=\"font_8\">\u00a0 \u00a0 \u00a0Ekonomik, orta s\u0131n\u0131f ya da \u00fcst s\u0131n\u0131f bir ara\u00e7 kiralamak isteyen s\u00fcr\u00fcc\u00fclerin en az 2 y\u0131ll\u0131k ehliyete sahip olmalar\u0131 gerekmektedir. Ancak l\u00fcks veya b\u00fcy\u00fck ara\u00e7lar i\u00e7in bu s\u00fcre 3 y\u0131ld\u0131r.<\/p>\n<h4 class=\"font_0\">3. Ek S\u00fcr\u00fcc\u00fc<\/h4>\n<p class=\"font_8\">\u00a0 \u00a0 \u00a0Kiralanan bir ara\u00e7 birden fazla ki\u015fi taraf\u0131ndan kullan\u0131labilmektedir. \u0130kinci ya da ek s\u00fcr\u00fcc\u00fcn\u00fcn kiralama \u00f6ncesinde mutlaka taraf\u0131m\u0131za bildirilmi\u015f olmas\u0131 ve ek s\u00fcr\u00fcc\u00fcn\u00fcn kiralama s\u00f6zle\u015fmesinde ilgili alana i\u015flenmesi gerekmektedir. Bu i\u015flemle ek s\u00fcr\u00fcc\u00fc de kasko sigortas\u0131 kapsam\u0131na al\u0131nmaktad\u0131r. Ek s\u00fcr\u00fcc\u00fcn\u00fcn ana s\u00fcr\u00fcc\u00fc i\u00e7in belirtilen ya\u015f ve ehliyet kriterlerine de uymas\u0131 gerekir.<\/p>\n<h4 class=\"font_0\">4. Kilometre S\u0131n\u0131r\u0131<\/h4>\n<p class=\"font_8\">\u00a0 \u00a0 \u00a0Kiralanan arac\u0131n \u00fccretine d\u00e2hil olan kilometre s\u0131n\u0131r\u0131 g\u00fcnl\u00fck 250 Km olarak belirlenmi\u015ftir. Belirtilen Km\u2019nin a\u015f\u0131lmas\u0131 halinde KM\/10 TL kilometre a\u015f\u0131m \u00fccreti uygulan\u0131r. \u201cS\u0131n\u0131rs\u0131z\u201d olarak belirtilen ara\u00e7larda herhangi bir KM s\u0131n\u0131r\u0131 bulunmamaktad\u0131r. Uzun d\u00f6nem araba kiralamalar\u0131nda km s\u0131n\u0131r\u0131 hakk\u0131nda l\u00fctfen bizimle ileti\u015fime ge\u00e7iniz.<\/p>\n<h4 class=\"font_0\">5. \u00d6deme Y\u00f6ntemleri<\/h4>\n<p class=\"font_8\">\u00a0 \u00a0 \u00a0Ara\u00e7 kiralama i\u015flemini tamamlayabilmeniz i\u00e7in kiralama \u00fccretinin tamam\u0131n\u0131 ya da bir k\u0131sm\u0131n\u0131 (\u00f6n \u00f6deme tutar\u0131) kredi kart\u0131, banka havalesi ile \u00f6demeniz gerekmektedir. T\u00fcm \u00f6deme y\u00f6ntemlerinde kredi kart\u0131 ve ehliyetinizi mutlaka arac\u0131n\u0131z\u0131 teslim al\u0131rken yan\u0131n\u0131zda bulundurman\u0131z gerekmektedir.<\/p>\n<h4 class=\"font_8\">\u00a06. Depozit\/Provizyon<\/h4>\n<p class=\"font_8\">\u00a0 \u00a0 \u00a0Kiralanan arac\u0131 kullan\u0131lan s\u00fcre boyunca olu\u015fabilecek trafik ve park cezalar\u0131, eksik yak\u0131t, sigortan\u0131n kapsam\u0131na al\u0131nmayan hasarlar i\u00e7in teminat al\u0131nmas\u0131 s\u00f6z konusudur. Bu teminat i\u00e7in kredi kart\u0131na provizyon ad\u0131 verilen bir i\u015flem uygulanmaktad\u0131r. Provizyon, belirli bir tutar\u0131n kredi kart\u0131 \u00fczerinde bloke edilmesi i\u015flemidir. Provizyon i\u015flemi i\u00e7in en az 6 ay ge\u00e7erli ve kullan\u0131labilir limiti olan ana s\u00fcr\u00fcc\u00fc ad\u0131na kay\u0131tl\u0131 bir kredi kart\u0131 olmas\u0131 gerekmektedir. Kiralamalar i\u00e7in provizyon bedeli 2500 TL&#8217;den ba\u015flamaktad\u0131r.<\/p>\n<h4 class=\"font_0\">7.Kasko\/Sigorta i\u00e7in \u00d6nemli \u015eartlar<\/h4>\n<p class=\"font_8\">\u00a0 \u00a0 \u00a0Kasko sigortas\u0131n\u0131n ge\u00e7erli olabilmesi i\u00e7in temel baz\u0131 gereklilikler vard\u0131r. Alkol ve uyu\u015fturucu kullan\u0131lmas\u0131 durumunda sigortalar\u0131n ge\u00e7erlili\u011fi tamamen kapsam d\u0131\u015f\u0131 kalmaktad\u0131r. Bununla birlikte yasal h\u0131z s\u0131n\u0131rlar\u0131na uyulmamas\u0131, kontratta yazan ki\u015filer d\u0131\u015f\u0131nda arac\u0131n ba\u015fka ki\u015filerce kullan\u0131lmas\u0131, y\u00fck s\u0131n\u0131r\u0131n\u0131n a\u015f\u0131lmas\u0131 ve karayollar\u0131 d\u0131\u015f\u0131nda arac\u0131n kullan\u0131lmas\u0131 durumunda da sigorta ge\u00e7ersiz say\u0131lmaktad\u0131r. Sigortalar\u0131n ge\u00e7erli olabilmesi i\u00e7in trafik ve alkol raporlar\u0131n\u0131n kaza an\u0131nda tutulmas\u0131 ve en ge\u00e7 48 saat i\u00e7inde arac\u0131n kiraland\u0131\u011f\u0131 tedarik\u00e7iye teslim edilmesi gerekir.<\/p>\n<h4 class=\"font_0\">8. Arac\u0131n\u0131z\u0131 havaliman\u0131ndan al\u0131nmas\u0131 durumunda;<\/h4>\n<p class=\"font_8\">\u00a0 \u00a0 \u00a0Arac\u0131 havaliman\u0131ndan teslim almak i\u00e7in kiralama s\u0131ras\u0131nda u\u00e7u\u015f bilgileri belli olmasa dahi, arac\u0131n teslim al\u0131nmas\u0131na en ge\u00e7 24 saat kala e-posta yoluyla u\u00e7u\u015f bilgileri kiralama \u015firketimize iletilmelidir. U\u00e7u\u015f bilgileri ile u\u00e7ak r\u00f6tar durumlar\u0131nda zaman\u0131nda kar\u015f\u0131lanma ve arac\u0131 teslim alma ad\u0131mlar\u0131 g\u00fcvenle sa\u011flan\u0131r.<\/p>\n<h4 class=\"font_0\">9. Teslim ve \u0130ade<\/h4>\n<p class=\"font_8\">\u00a0 \u00a0 \u00a0Kiralanan ara\u00e7 yaln\u0131zca s\u00f6zle\u015fmede belirtilen adresten teslim al\u0131nmal\u0131 ve iade i\u00e7in yine s\u00f6zle\u015fmede belirlenen adreste iade edilmelidir. Adrese teslim se\u00e7enekleri ise; kiralaman\u0131n yap\u0131ld\u0131\u011f\u0131 semt veya il\u00e7e s\u0131n\u0131rlar\u0131 i\u00e7inde taraf\u0131m\u0131zca sa\u011flanabilir. \u00a0Bu durumlar d\u0131\u015f\u0131nda ba\u015fka herhangi bir il\u00e7eden kiralama yap\u0131larak, farkl\u0131 bir semt veya il\u00e7e s\u0131n\u0131rlar\u0131 i\u00e7inde belirtilen adrese teslimat yap\u0131lmas\u0131 kiralama \u015fartlar\u0131m\u0131z gere\u011fi olanakl\u0131 olmamaktad\u0131r. Ara\u00e7 teslim edilirken ek s\u00fcre olarak en fazla bir saat bekleme kabul edilmektedir. Ekstra bekleme talep edildi\u011fi takdirde ekstra \u00fccret olu\u015facakt\u0131r. Ara\u00e7lar\u0131n erken iade edilmesi durumunda herhangi bir \u00fccret iadesi yap\u0131lmamaktad\u0131r. Yaln\u0131zca ara\u00e7lar\u0131n ge\u00e7 iade edilmesi halinde ek \u00fccret uygulanmas\u0131 s\u00f6z konusudur. 1 saat \u00fczeri gecikmelerde 1 g\u00fcnl\u00fck kiralama \u00fccreti kullan\u0131c\u0131lardan talep edilecektir.<\/p>\n<h4 class=\"font_0\">10. Yak\u0131t<\/h4>\n<p class=\"font_8\">\u00a0 \u00a0 \u00a0Ara\u00e7 teslim al\u0131n\u0131rken yak\u0131t deposu seviyesinin kontrol edilmesi kullan\u0131c\u0131lar a\u00e7\u0131s\u0131ndan \u00f6nemlidir. Kiralanan arac\u0131n ayn\u0131 seviyede yak\u0131tla iade edilmesi m\u00fc\u015fterilerimizden talebimizdir. Bununla birlikte fazla yak\u0131t ile teslim edilen ara\u00e7lar i\u00e7in ekstra bir para iadesi s\u00f6z konusu olmamaktad\u0131r. Eksik yak\u0131t olmas\u0131 durumunda, yak\u0131t \u00fccreti ve hizmet bedeli kullan\u0131c\u0131lar\u0131m\u0131za yans\u0131t\u0131lacakt\u0131r.<\/p>\n<h4 class=\"font_0\">11. HGS\/OGS-Otomatik Ge\u00e7i\u015f \u00dccretleri<\/h4>\n<p class=\"font_8\">\u00a0 \u00a0 \u00a0Ara\u00e7lar\u0131m\u0131z\u0131n tamam\u0131nda OGS veya HGS bulunur. Bu se\u00e7enekle \u00fccretli otoyollardan otomatik olarak ge\u00e7i\u015f yapabilirsiniz. HGS\/OGS \u00fccreti kullan\u0131ld\u0131\u011f\u0131 kadar + 90 TL+KDV hizmet bedeli ile birlikte ara\u00e7 iadesinde tahsil edilmektedir. HGS\/OGS hi\u00e7 kullan\u0131lmam\u0131\u015fsa herhangi bir \u00fccret tahsilat\u0131 yap\u0131lmayacakt\u0131r.<\/p>\n<h4 class=\"font_0\">12. Ara\u00e7 ile Yurtd\u0131\u015f\u0131na \u00c7\u0131k\u0131lmas\u0131<\/h4>\n<p class=\"font_8\">\u00a0 \u00a0 \u00a0 T\u00fcrkiye\u2019de kiralanan ara\u00e7larla yurtd\u0131\u015f\u0131na \u00e7\u0131k\u0131lmas\u0131 m\u00fcmk\u00fcn de\u011fildir. Sigortalar \u00fclke d\u0131\u015f\u0131nda ge\u00e7erlili\u011fini yitirmektedir.<\/p>\n<h4 class=\"font_0\">13. \u0130ptal i\u015flemleri<\/h4>\n<p class=\"font_8\">\u00a0 \u00a0 \u00a0 Ayn\u0131 g\u00fcn i\u00e7inde yapt\u0131\u011f\u0131n\u0131z kiralamay\u0131 iptal etti\u011finizde herhangi bir \u00fccret talep edilmeyecektir. Kiralama ba\u015flang\u0131c\u0131na 24 saat kala yap\u0131lan iptaller i\u00e7in 200 TL hizmet bedeli iade edilecektir. \u0130ptal i\u015fleminde iade edilmeyen hizmet bedelleri bir sonraki kiralama i\u015fleminizde indirim olarak yans\u0131t\u0131lacakt\u0131r.<\/p>\n\n\n<p><\/p>","protected":false},"excerpt":{"rendered":"<p>1-S\u00fcr\u00fcc\u00fc Ya\u015f\u0131 \u00a0 \u00a0 \u00a0Sigorta kapsam\u0131nda belirtilen \u015fartlara g\u00f6re s\u0131n\u0131f olarak ekonomik bir ara\u00e7 kiralayabilmek i\u00e7in s\u00fcr\u00fcc\u00fcn\u00fcn en az 21 ya\u015f\u0131nda olmas\u0131 gerekmektedir. Orta ve \u00dcst s\u0131n\u0131f ara\u00e7lar i\u00e7in 25 ya\u015f alt s\u0131n\u0131r olarak kabul edilmi\u015fken. L\u00fcks ve b\u00fcy\u00fck ara\u00e7lar i\u00e7in s\u00fcr\u00fcc\u00fcn\u00fcn en az 28 ya\u015f\u0131nda olmas\u0131 zorunlulu\u011fu mevcuttur. 2. Ehliyet S\u00fcresi \u00a0 \u00a0 \u00a0Ekonomik, [&hellip;]<\/p>\n","protected":false},"author":1,"featured_media":0,"parent":0,"menu_order":0,"comment_status":"closed","ping_status":"closed","template":"","meta":{"footnotes":""},"class_list":["post-232","page","type-page","status-publish","hentry"],"yoast_head":"<!-- This site is optimized with the Yoast SEO plugin v27.6 - https:\/\/yoast.com\/product\/yoast-seo-wordpress\/ -->\n<title>Kiralama \u015eartlar\u0131 &#8211; Kurumsal Ara\u00e7 Kiralama<\/title>\n<meta name=\"description\" content=\"Sirena Car Kurumsal Ara\u00e7 Kiralama Hizmetleri ile \u00d6zg\u00fcrl\u00fc\u011f\u00fc Deneyimleyin. Ara\u00e7 Kiralamada Profesyonel Hizmet. Ucuza Araba Kiralama. Temiz Hizmet. En Uygun Otomobil.\" \/>\n<meta name=\"robots\" content=\"index, follow, max-snippet:-1, max-image-preview:large, max-video-preview:-1\" \/>\n<link rel=\"canonical\" href=\"https:\/\/www.sirenacar.com\/en\/kiralama-sartlari\/\" \/>\n<meta property=\"og:locale\" content=\"en_US\" \/>\n<meta property=\"og:type\" content=\"article\" \/>\n<meta property=\"og:title\" content=\"Kiralama \u015eartlar\u0131 &#8211; Kurumsal Ara\u00e7 Kiralama\" \/>\n<meta property=\"og:description\" content=\"Sirena Car Kurumsal Ara\u00e7 Kiralama Hizmetleri ile \u00d6zg\u00fcrl\u00fc\u011f\u00fc Deneyimleyin. Ara\u00e7 Kiralamada Profesyonel Hizmet. Ucuza Araba Kiralama. Temiz Hizmet. En Uygun Otomobil.\" \/>\n<meta property=\"og:url\" content=\"https:\/\/www.sirenacar.com\/en\/kiralama-sartlari\/\" \/>\n<meta property=\"og:site_name\" content=\"Kurumsal Ara\u00e7 Kiralama\" \/>\n<meta property=\"article:publisher\" content=\"https:\/\/www.facebook.com\/sirenarentacar\" \/>\n<meta property=\"article:modified_time\" content=\"2026-01-03T13:29:41+00:00\" \/>\n<meta property=\"og:image\" content=\"https:\/\/i0.wp.com\/www.sirenacar.com\/wp-content\/uploads\/2022\/01\/Sirena-Logo-RESMI-PNG.png?fit=2771%2C609&ssl=1\" \/>\n\t<meta property=\"og:image:width\" content=\"2771\" \/>\n\t<meta property=\"og:image:height\" content=\"609\" \/>\n\t<meta property=\"og:image:type\" content=\"image\/png\" \/>\n<meta name=\"twitter:card\" content=\"summary_large_image\" \/>\n<meta name=\"twitter:site\" content=\"@Sirenarentacar\" \/>\n<meta name=\"twitter:label1\" content=\"Est. reading time\" \/>\n\t<meta name=\"twitter:data1\" content=\"5 minutes\" \/>\n<script type=\"application\/ld+json\" class=\"yoast-schema-graph\">{\"@context\":\"https:\\\/\\\/schema.org\",\"@graph\":[{\"@type\":\"WebPage\",\"@id\":\"https:\\\/\\\/www.sirenacar.com\\\/kiralama-sartlari\\\/\",\"url\":\"https:\\\/\\\/www.sirenacar.com\\\/kiralama-sartlari\\\/\",\"name\":\"Kiralama \u015eartlar\u0131 &#8211; Kurumsal Ara\u00e7 Kiralama\",\"isPartOf\":{\"@id\":\"https:\\\/\\\/www.sirenacar.com\\\/#website\"},\"datePublished\":\"2022-01-27T17:31:43+00:00\",\"dateModified\":\"2026-01-03T13:29:41+00:00\",\"description\":\"Sirena Car Kurumsal Ara\u00e7 Kiralama Hizmetleri ile \u00d6zg\u00fcrl\u00fc\u011f\u00fc Deneyimleyin. Ara\u00e7 Kiralamada Profesyonel Hizmet. Ucuza Araba Kiralama. Temiz Hizmet. En Uygun Otomobil.\",\"breadcrumb\":{\"@id\":\"https:\\\/\\\/www.sirenacar.com\\\/kiralama-sartlari\\\/#breadcrumb\"},\"inLanguage\":\"en-US\",\"potentialAction\":[{\"@type\":\"ReadAction\",\"target\":[\"https:\\\/\\\/www.sirenacar.com\\\/kiralama-sartlari\\\/\"]}]},{\"@type\":\"BreadcrumbList\",\"@id\":\"https:\\\/\\\/www.sirenacar.com\\\/kiralama-sartlari\\\/#breadcrumb\",\"itemListElement\":[{\"@type\":\"ListItem\",\"position\":1,\"name\":\"Kurumsal Ara\u00e7 Kiralama\",\"item\":\"https:\\\/\\\/www.sirenacar.com\\\/\"},{\"@type\":\"ListItem\",\"position\":2,\"name\":\"Kiralama \u015eartlar\u0131\"}]},{\"@type\":\"WebSite\",\"@id\":\"https:\\\/\\\/www.sirenacar.com\\\/#website\",\"url\":\"https:\\\/\\\/www.sirenacar.com\\\/\",\"name\":\"Kurumsal Ara\u00e7 Kiralama\",\"description\":\"Experience the Liberty\",\"publisher\":{\"@id\":\"https:\\\/\\\/www.sirenacar.com\\\/#organization\"},\"potentialAction\":[{\"@type\":\"SearchAction\",\"target\":{\"@type\":\"EntryPoint\",\"urlTemplate\":\"https:\\\/\\\/www.sirenacar.com\\\/?s={search_term_string}\"},\"query-input\":{\"@type\":\"PropertyValueSpecification\",\"valueRequired\":true,\"valueName\":\"search_term_string\"}}],\"inLanguage\":\"en-US\"},{\"@type\":\"Organization\",\"@id\":\"https:\\\/\\\/www.sirenacar.com\\\/#organization\",\"name\":\"Sirena Rent a Car\",\"url\":\"https:\\\/\\\/www.sirenacar.com\\\/\",\"logo\":{\"@type\":\"ImageObject\",\"inLanguage\":\"en-US\",\"@id\":\"https:\\\/\\\/www.sirenacar.com\\\/#\\\/schema\\\/logo\\\/image\\\/\",\"url\":\"https:\\\/\\\/i0.wp.com\\\/www.sirenacar.com\\\/wp-content\\\/uploads\\\/2022\\\/01\\\/Sirena-Logo-RESMI-PNG.png?fit=2771%2C609&ssl=1\",\"contentUrl\":\"https:\\\/\\\/i0.wp.com\\\/www.sirenacar.com\\\/wp-content\\\/uploads\\\/2022\\\/01\\\/Sirena-Logo-RESMI-PNG.png?fit=2771%2C609&ssl=1\",\"width\":2771,\"height\":609,\"caption\":\"Sirena Rent a Car\"},\"image\":{\"@id\":\"https:\\\/\\\/www.sirenacar.com\\\/#\\\/schema\\\/logo\\\/image\\\/\"},\"sameAs\":[\"https:\\\/\\\/www.facebook.com\\\/sirenarentacar\",\"https:\\\/\\\/x.com\\\/Sirenarentacar\",\"https:\\\/\\\/www.instagram.com\\\/sirenarentacar\",\"https:\\\/\\\/www.linkedin.com\\\/company\\\/sirena-car\"]}]}<\/script>\n<!-- \/ Yoast SEO plugin. -->","yoast_head_json":{"title":"Kiralama \u015eartlar\u0131 &#8211; Kurumsal Ara\u00e7 Kiralama","description":"Sirena Car Kurumsal Ara\u00e7 Kiralama Hizmetleri ile \u00d6zg\u00fcrl\u00fc\u011f\u00fc Deneyimleyin. Ara\u00e7 Kiralamada Profesyonel Hizmet. Ucuza Araba Kiralama. Temiz Hizmet. En Uygun Otomobil.","robots":{"index":"index","follow":"follow","max-snippet":"max-snippet:-1","max-image-preview":"max-image-preview:large","max-video-preview":"max-video-preview:-1"},"canonical":"https:\/\/www.sirenacar.com\/en\/kiralama-sartlari\/","og_locale":"en_US","og_type":"article","og_title":"Kiralama \u015eartlar\u0131 &#8211; Kurumsal Ara\u00e7 Kiralama","og_description":"Sirena Car Kurumsal Ara\u00e7 Kiralama Hizmetleri ile \u00d6zg\u00fcrl\u00fc\u011f\u00fc Deneyimleyin. Ara\u00e7 Kiralamada Profesyonel Hizmet. Ucuza Araba Kiralama. Temiz Hizmet. En Uygun Otomobil.","og_url":"https:\/\/www.sirenacar.com\/en\/kiralama-sartlari\/","og_site_name":"Kurumsal Ara\u00e7 Kiralama","article_publisher":"https:\/\/www.facebook.com\/sirenarentacar","article_modified_time":"2026-01-03T13:29:41+00:00","og_image":[{"width":2771,"height":609,"url":"https:\/\/i0.wp.com\/www.sirenacar.com\/wp-content\/uploads\/2022\/01\/Sirena-Logo-RESMI-PNG.png?fit=2771%2C609&ssl=1","type":"image\/png"}],"twitter_card":"summary_large_image","twitter_site":"@Sirenarentacar","twitter_misc":{"Est. reading time":"5 minutes"},"schema":{"@context":"https:\/\/schema.org","@graph":[{"@type":"WebPage","@id":"https:\/\/www.sirenacar.com\/kiralama-sartlari\/","url":"https:\/\/www.sirenacar.com\/kiralama-sartlari\/","name":"Kiralama \u015eartlar\u0131 &#8211; Kurumsal Ara\u00e7 Kiralama","isPartOf":{"@id":"https:\/\/www.sirenacar.com\/#website"},"datePublished":"2022-01-27T17:31:43+00:00","dateModified":"2026-01-03T13:29:41+00:00","description":"Sirena Car Kurumsal Ara\u00e7 Kiralama Hizmetleri ile \u00d6zg\u00fcrl\u00fc\u011f\u00fc Deneyimleyin. Ara\u00e7 Kiralamada Profesyonel Hizmet. Ucuza Araba Kiralama. Temiz Hizmet. En Uygun Otomobil.","breadcrumb":{"@id":"https:\/\/www.sirenacar.com\/kiralama-sartlari\/#breadcrumb"},"inLanguage":"en-US","potentialAction":[{"@type":"ReadAction","target":["https:\/\/www.sirenacar.com\/kiralama-sartlari\/"]}]},{"@type":"BreadcrumbList","@id":"https:\/\/www.sirenacar.com\/kiralama-sartlari\/#breadcrumb","itemListElement":[{"@type":"ListItem","position":1,"name":"Kurumsal Ara\u00e7 Kiralama","item":"https:\/\/www.sirenacar.com\/"},{"@type":"ListItem","position":2,"name":"Kiralama \u015eartlar\u0131"}]},{"@type":"WebSite","@id":"https:\/\/www.sirenacar.com\/#website","url":"https:\/\/www.sirenacar.com\/","name":"Corporate Car Rental","description":"Experience the Liberty","publisher":{"@id":"https:\/\/www.sirenacar.com\/#organization"},"potentialAction":[{"@type":"SearchAction","target":{"@type":"EntryPoint","urlTemplate":"https:\/\/www.sirenacar.com\/?s={search_term_string}"},"query-input":{"@type":"PropertyValueSpecification","valueRequired":true,"valueName":"search_term_string"}}],"inLanguage":"en-US"},{"@type":"Organization","@id":"https:\/\/www.sirenacar.com\/#organization","name":"Sirena Rent a Car","url":"https:\/\/www.sirenacar.com\/","logo":{"@type":"ImageObject","inLanguage":"en-US","@id":"https:\/\/www.sirenacar.com\/#\/schema\/logo\/image\/","url":"https:\/\/i0.wp.com\/www.sirenacar.com\/wp-content\/uploads\/2022\/01\/Sirena-Logo-RESMI-PNG.png?fit=2771%2C609&ssl=1","contentUrl":"https:\/\/i0.wp.com\/www.sirenacar.com\/wp-content\/uploads\/2022\/01\/Sirena-Logo-RESMI-PNG.png?fit=2771%2C609&ssl=1","width":2771,"height":609,"caption":"Sirena Rent a Car"},"image":{"@id":"https:\/\/www.sirenacar.com\/#\/schema\/logo\/image\/"},"sameAs":["https:\/\/www.facebook.com\/sirenarentacar","https:\/\/x.com\/Sirenarentacar","https:\/\/www.instagram.com\/sirenarentacar","https:\/\/www.linkedin.com\/company\/sirena-car"]}]}},"jetpack_sharing_enabled":true,"_links":{"self":[{"href":"https:\/\/www.sirenacar.com\/en\/wp-json\/wp\/v2\/pages\/232","targetHints":{"allow":["GET"]}}],"collection":[{"href":"https:\/\/www.sirenacar.com\/en\/wp-json\/wp\/v2\/pages"}],"about":[{"href":"https:\/\/www.sirenacar.com\/en\/wp-json\/wp\/v2\/types\/page"}],"author":[{"embeddable":true,"href":"https:\/\/www.sirenacar.com\/en\/wp-json\/wp\/v2\/users\/1"}],"replies":[{"embeddable":true,"href":"https:\/\/www.sirenacar.com\/en\/wp-json\/wp\/v2\/comments?post=232"}],"version-history":[{"count":10,"href":"https:\/\/www.sirenacar.com\/en\/wp-json\/wp\/v2\/pages\/232\/revisions"}],"predecessor-version":[{"id":884,"href":"https:\/\/www.sirenacar.com\/en\/wp-json\/wp\/v2\/pages\/232\/revisions\/884"}],"wp:attachment":[{"href":"https:\/\/www.sirenacar.com\/en\/wp-json\/wp\/v2\/media?parent=232"}],"curies":[{"name":"wp","href":"https:\/\/api.w.org\/{rel}","templated":true}]}}