{"id":233,"date":"2022-01-27T20:31:43","date_gmt":"2022-01-27T17:31:43","guid":{"rendered":"https:\/\/www.sirenacar.com\/?page_id=233"},"modified":"2022-02-19T04:01:41","modified_gmt":"2022-02-19T01:01:41","slug":"kiralama-sozlesmesi","status":"publish","type":"page","link":"https:\/\/www.sirenacar.com\/en\/kiralama-sozlesmesi\/","title":{"rendered":"Rental Agreement"},"content":{"rendered":"<p><em><strong>Rental Agreement<\/strong><\/em><\/p>\n\n\n\n<figure class=\"wp-block-image size-full is-resized is-style-default\"><img data-recalc-dims=\"1\" fetchpriority=\"high\" decoding=\"async\" src=\"https:\/\/i0.wp.com\/www.sirenacar.com\/wp-content\/uploads\/2022\/02\/x_565_424_bedelsiz-kiralama-nedir.png?resize=843%2C632&#038;ssl=1\" alt=\"Kiralama S\u00f6zle\u015fmesi\" class=\"wp-image-594\" width=\"843\" height=\"632\" srcset=\"https:\/\/i0.wp.com\/www.sirenacar.com\/wp-content\/uploads\/2022\/02\/x_565_424_bedelsiz-kiralama-nedir.png?w=565&amp;ssl=1 565w, https:\/\/i0.wp.com\/www.sirenacar.com\/wp-content\/uploads\/2022\/02\/x_565_424_bedelsiz-kiralama-nedir.png?resize=300%2C225&amp;ssl=1 300w\" sizes=\"(max-width: 843px) 100vw, 843px\" \/><\/figure>\n\n\n<h3><span style=\"color: #000000;\"><strong>ARA\u00c7 K\u0130RALAMA \u015eARTNAMES\u0130<\/strong><\/span><\/h3>\n<p><strong>RENT A CAR \u015eARTLARI;<\/strong><\/p>\n<p>Bir taraftan bu \u015fartnamenin 1.sayfas\u0131nda tan\u0131mlanan arac\u0131, kira \u00fccreti kar\u015f\u0131l\u0131\u011f\u0131nda kullanmak \u00fczere teslim alan K\u0130RACI ile, di\u011fer taraftan bu arac\u0131 kiraya veren K\u0130RALAYAN, ara\u00e7 kiralamas\u0131 ile ilgili olarak a\u015fa\u011f\u0131da a\u00e7\u0131klanan ko\u015fullarda anla\u015fmaya varm\u0131\u015flard\u0131r.<\/p>\n<p><strong>1.K\u0130RA D\u00d6NEM\u0130-K\u0130RA S\u00dcRES\u0130 VE ARA\u00c7 TESL\u0130M\u0130;<\/strong><br \/>Ara\u00e7, K\u0130RALAYAN taraf\u0131ndan K\u0130RACI\u2019 ya, t\u00fcm lastikleri, araca ait belgeleri, aksesuar ve te\u00e7hizat\u0131 ile birlikte, periyodik bak\u0131mlar\u0131 yap\u0131lm\u0131\u015f olarak teslim edilmi\u015ftir. K\u0130RACI, s\u00f6z konusu arac\u0131, hem mekanik hem de kaporta a\u00e7\u0131s\u0131ndan sa\u011flam ve iyi durumda teslim ald\u0131\u011f\u0131n\u0131, ara\u00e7ta hi\u00e7bir hasar ya da kaza izi bulunmad\u0131\u011f\u0131n\u0131 kabul eder.(bu kira \u015fartnamesinin 1.sayfas\u0131nda belirtilen varsa bunlar hari\u00e7.) S\u00f6z konusu ara\u00e7 teslim edildi\u011fi tarihten itibaren \u015fartnamenin 1.sayfas\u0131nda belirtilen s\u00fcre boyunca kesintisiz olarak ve de\u011fi\u015ftirmeden kirada tutulacakt\u0131r.<\/p>\n<p><strong>2.ARACIN KULLANIMI ;<\/strong><br \/>Ara\u00e7, s\u00f6zle\u015fmenin 1.sayfas\u0131nda kimlik bilgileri belirtilen, en az 1 y\u0131ll\u0131k ge\u00e7erli s\u00fcr\u00fcc\u00fc belgesine sahip K\u0130RACI taraf\u0131ndan kullan\u0131lacakt\u0131r. Ek s\u00fcr\u00fcc\u00fc i\u00e7in ayn\u0131 ko\u015fullar ge\u00e7erli olup \u015fartnamenin 1.sayfas\u0131nda ad\u0131 ve ehliyeti yaz\u0131lm\u0131\u015f olmal\u0131 ve bu \u015fartnameyi t\u00fcm ko\u015fullar\u0131yla kabul ederek K\u0130RACI olarak imzalamal\u0131d\u0131r. S\u00fcr\u00fcc\u00fcn\u00fcn ve ek s\u00fcr\u00fcc\u00fcn\u00fcn en az 18 ya\u015f\u0131nda olmas\u0131 gerekir. K\u0130RACI, kiralanan arac\u0131 \u015fartnamenin 1.sayfas\u0131nda yer alan ek s\u00fcr\u00fcc\u00fcn\u00fcn de bu \u015fartnamenin t\u00fcm ko\u015fullar\u0131na uymas\u0131n\u0131 tamamen sa\u011flamakla y\u00fck\u00fcml\u00fcd\u00fcr.<\/p>\n<p><strong>3.K\u0130RACI,<\/strong> herhangi bir \u015fekilde meydana gelen kaza, hasar, h\u0131rs\u0131zl\u0131k, kay\u0131p durumunda a\u015fa\u011f\u0131da belirtilen \u00f6nlem ve i\u015flemleri yerine getirecektir. Ayr\u0131ca en k\u0131sa s\u00fcrede K\u0130RALAYAN\u2019 a bilgi verecektir.<\/p>\n<p>a)Arac\u0131 yerinden oynatmadan en yak\u0131n polis veya jandarma merkezine ba\u015fvurarak kaza, hasar, h\u0131rs\u0131zl\u0131k, kay\u0131p tespit tutana\u011f\u0131 ile birlikte alkol raporunun al\u0131nmas\u0131,<br \/>b)\u0130mkan bulunmas\u0131 dahilinde ara\u00e7 ve\/veya ara\u00e7lar\u0131n foto\u011fraflar\u0131n\u0131n \u00e7ekilmesi,<br \/>c)\u015eayet varsa olaya kar\u0131\u015fan di\u011fer ara\u00e7lar\u0131n s\u00fcr\u00fcc\u00fclerinin adlar\u0131, adresleri, s\u00fcr\u00fcc\u00fc belgeleri numaralar\u0131, m\u00fcmk\u00fcn oldu\u011fu taktirde Trafik ve \u0130htiyari Mali Mesuliyet Sigortalar\u0131n\u0131 sa\u011flayan \u015firketin ad\u0131 ve poli\u00e7e numaralar\u0131n temin edilmesi,<br \/>d)Yukar\u0131da a,b,c maddelerinde belirtilen s\u00f6z konusu evraklar\u0131n en ge\u00e7 24 saat i\u00e7erisinde K\u0130RALAYAN\u2019 a teslimi.<\/p>\n<p><strong>4.K\u0130RACI<\/strong>, 3.maddede belirtilen kaza evraklar\u0131n\u0131n temini ve K\u0130RALAYAN\u2019 a belirtilen s\u00fcrede teslim edilmemesinden \u00f6t\u00fcr\u00fc do\u011facak maddi-manevi sorumluluklar ile her t\u00fcrl\u00fc kayb\u0131 kar\u015f\u0131lamay\u0131 kabul eder. Arac\u0131n herhangi bir olay nedeniyle, K\u0130RACI\u2019 n\u0131n kusuru olsun yada olmas\u0131n yetkili makamlarca m\u00fcsaderesi veya el konulmas\u0131 durumunda geri al\u0131nmad\u0131 i\u00e7in yap\u0131lacak her t\u00fcrl\u00fc giri\u015fime ili\u015fkin yap\u0131lacak harcamalar K\u0130RACI\u2019 ya aittir. Bu s\u00fcre i\u00e7inde ge\u00e7ecek g\u00fcnlerin kiras\u0131 K\u0130RACI taraf\u0131ndan K\u0130RALAYAN\u2019 a ayr\u0131ca \u00f6denir.<\/p>\n<p><strong>5.K\u0130RACI<\/strong> taraf\u0131ndan ara\u00e7 stepnesi, t\u00fcm lastikleri, araca ait belgeleri, aksesuar ve te\u00e7hizat\u0131yla birlikte teslim ald\u0131\u011f\u0131 gibi hasars\u0131z, bak\u0131ml\u0131 ve \u00e7al\u0131\u015f\u0131r olarak teslim ald\u0131\u011f\u0131 K\u0130RALAYAN ofisine ve \u015fartnamenin 1.sayfas\u0131nda belirtilen g\u00fcnde iade ve teslim edecektir. K\u0130RACI b\u00fct\u00fcn uzatmalar i\u00e7in K\u0130RALAYAN\u2019 a ba\u015fvuracak ve K\u0130RALAYAN\u2019 \u0131n onay\u0131n\u0131 alacakt\u0131r.1 g\u00fcnden sonraki gecikmelerde durum adli makamlara intikal ettirilerek K\u0130RACI, ek s\u00fcr\u00fcc\u00fc ve kefil hakk\u0131nda su\u00e7 duyurusunda bulunulur.<\/p>\n<p><strong>6.K\u0130RACI\u2019n\u0131n<\/strong> bu \u015fartnamenin herhangi bir maddesine uymamas\u0131, \u00f6deme yapmamas\u0131, \u00f6zellikle arac\u0131 kararla\u015ft\u0131r\u0131lan tarihte teslim etmemesi halinde, K\u0130RACI, K\u0130RALAYAN\u2019 a bahsedilen arac\u0131 nerede olursa olsun ve \u00f6n uyar\u0131ya gerek kalmadan derhal geri alma yetkisini tan\u0131r. K\u0130RACI arac\u0131n K\u0130RALAYAN taraf\u0131ndan geri al\u0131nmas\u0131 s\u0131ras\u0131nda meydana gelebilecek hasar ve de harcamalar\u0131 \u00f6demekle y\u00fck\u00fcml\u00fcd\u00fcr. K\u0130RALAYAN, arac\u0131n geri al\u0131nmas\u0131 s\u0131ras\u0131nda, ara\u00e7ta bulunan nesne yada maddelerin kayb\u0131ndan veya hasar\u0131ndan sorumlu de\u011fildir. K\u0130RACI, kiraya vereni bahsedilen t\u00fcrde bir kay\u0131p, cezai sorumluluk yada hasar sonucu meydana gelebilecek dava, su\u00e7lama, \u015fikayet ve zarardan ibra eder.<\/p>\n<p><strong>7.K\u0130RACI<\/strong>, ara\u00e7lar\u0131n marka ve modelini dikkate alarak kiralama amac\u0131na uygun olmayan yer ve \u015fartlarda (arazi, da\u011fl\u0131k arazi, kum, batakl\u0131k, dere yata\u011f\u0131 v.s. gibi) ve arac\u0131 ama\u00e7lar\u0131 d\u0131\u015f\u0131nda teknik yap\u0131lar\u0131na ve tahamm\u00fcl g\u00fc\u00e7lerine uygun olmayan yer ve yollarda ve a\u015f\u0131r\u0131 y\u00fck ile, a\u00e7\u0131k veya gizli bir gelir kar\u015f\u0131l\u0131\u011f\u0131nda yolcu veya mal ta\u015f\u0131mas\u0131nda, herhangi bir ara\u00e7 yada treyleri \u00e7ekmekte veya itmekte, g\u00fcmr\u00fck mevzuat\u0131na ve di\u011fer kanunlara ayk\u0131r\u0131 maddelerin ta\u015f\u0131nmas\u0131nda veya gayri kanuni i\u015flerde, Motorlu sporlarda(yar\u0131\u015f, s\u00fcrat tayini, ralli, sa\u011flaml\u0131k ve h\u0131z denemeleri dahil)k\u0131saca ola\u011fan d\u0131\u015f\u0131 kullan\u0131lamaz. Aksi durumun herhangi bir \u015fekilde belirlenmesi halinde K\u0130RALAYAN \u015fartnameden do\u011fan di\u011fer t\u00fcm haklar\u0131 sakl\u0131 kalmak ko\u015fuluyla \u015fartnameyi tek tarafl\u0131 fesih ederek araca madde 6\u2019da belirtilen \u015fartlarla el koyma ve bu nedenle meydana gelmi\u015f zararlar\u0131 isteme hakk\u0131na sahiptir.<\/p>\n<p><strong>8.K\u0130RACI<\/strong>\u00a0Kiralad\u0131\u011f\u0131 arac\u0131 hi\u00e7bir \u015fekilde T\u00fcrkiye s\u0131n\u0131rlar\u0131 d\u0131\u015f\u0131na \u00e7\u0131kart\u0131lamaz.<\/p>\n<p><strong>9.K\u0130RACI<\/strong> bu \u015fartname ile kiralad\u0131\u011f\u0131 ara\u00e7lar\u0131 hi\u00e7bir \u015fekilde kiraya ve\/veya para kar\u015f\u0131l\u0131\u011f\u0131 bir ba\u015fkas\u0131na kiralayamaz, satamaz, \u00f6d\u00fcn\u00e7 kulland\u0131ramaz ya da bunlar\u0131 yapma eylemine giremez.<\/p>\n<p><strong>10.K\u0130RACI,<\/strong> kiralam\u0131\u015f oldu\u011fu arac\u0131n kay\u0131p(h\u0131rs\u0131zl\u0131k),kaza, yang\u0131n ve \u00fc\u00e7\u00fcnc\u00fc ki\u015filere verebilecekleri t\u00fcm zararlar ile ilgili \u00f6nlemleri almay\u0131 (arac\u0131n emniyet alt\u0131na al\u0131nmas\u0131, rapor tutulmas\u0131 vs.)taahh\u00fct eder.<\/p>\n<p><strong>11.<\/strong>S\u00f6z konusu arac\u0131n Trafik Kanuni Zorunlu Mali Sorumluluk Sigortas\u0131 K\u0130RALAYAN taraf\u0131ndan yapt\u0131r\u0131l\u0131r. K\u0130RACI, kiras\u0131 alt\u0131ndaki ara\u00e7 veya donan\u0131m\u0131yla ilgili kaza ve h\u0131rs\u0131zl\u0131k durumunda, a\u015fa\u011f\u0131da belirtilen ko\u015fullarda, kiralam\u0131\u015f oldu\u011fu ara\u00e7la ilgili, kazaya kar\u0131\u015fan di\u011fer ara\u00e7larla ilgili ve kaza sonucu \u00fc\u00e7\u00fcnc\u00fc ki\u015filerle ilgili olu\u015fan her t\u00fcrl\u00fc kay\u0131p, hasar ve h\u0131rs\u0131zl\u0131\u011f\u0131n sorumlulu\u011funu ve bunlarla ili\u015fkin giderleri, tazminatlar\u0131 kar\u015f\u0131lamay\u0131 kabul eder; arac\u0131 kullanan ehliyet sahibi ki\u015fi alkoll\u00fc veya uyu\u015fturucu etkisi alt\u0131nda ise, yasal h\u0131z s\u0131n\u0131rlar\u0131n\u0131n a\u015f\u0131ld\u0131\u011f\u0131 durumlarda, (kaza raporuna kazan\u0131n h\u0131z nedeniyle meydana geldi\u011finin belirtilmesi) arac\u0131n ruhsat\u0131nda belirtilen ta\u015f\u0131ma, haddinden fazla y\u00fck ve yolcu ta\u015f\u0131nmas\u0131 s\u0131ras\u0131nda meydana gelen kay\u0131p ve zararlar, K\u0130RACI\u2019 n\u0131n kazada asli kusur sahibi olmas\u0131 durumunda sigorta poli\u00e7esinde belirtilen \u2018\u2019Teminat d\u0131\u015f\u0131 zararlar\u2019\u2019\u0131n ortaya \u00e7\u0131kmas\u0131 durumunda, trafik kaza rapt\u0131n\u0131n ve alkol raporunun al\u0131nmad\u0131\u011f\u0131 durumlarda, TC. Kanunlar\u0131na g\u00f6re su\u00e7 say\u0131lan bir fiil ara\u00e7la birlikteyken ya da ara\u00e7 vas\u0131tas\u0131yla i\u015flemeleri halinde, ara\u00e7, anahtar\u0131 \u00fczerinde olmak \u00fczere gerekli emniyet tedbirleri al\u0131nmadan otoparkta veya ba\u015fka bir yerde b\u0131rak\u0131lm\u0131\u015fsa, ara\u00e7, kilitli olmamakla birlikte arac\u0131n ruhsat\u0131 \u00fczerindeyken b\u0131rak\u0131lm\u0131\u015f ve bu durumdayken \u00e7al\u0131nm\u0131\u015f ve K\u0130RALAYAN\u2019 a ara\u00e7 ruhsat\u0131n\u0131 ve anahtar\u0131n\u0131 teslim edemiyorsa, cam k\u0131r\u0131lmas\u0131, lastik tamiri yada de\u011fi\u015fimi, radyo h\u0131rs\u0131z\u0131, lastik h\u0131rs\u0131zl\u0131\u011f\u0131 K\u0130RACI taraf\u0131ndan \u00f6denir. Her t\u00fcrl\u00fc hasar ve h\u0131rs\u0131zl\u0131k di\u011fer ko\u015fullara bak\u0131lmaks\u0131z\u0131n K\u0130RACI taraf\u0131nda \u00f6denir.<\/p>\n<p><strong>12.K\u0130RACI,<\/strong> kira s\u00fcresi i\u00e7inde kiralad\u0131\u011f\u0131 ara\u00e7tan dolay\u0131 \u00fc\u00e7\u00fcnc\u00fc ki\u015filere kar\u015f\u0131 Trafik Sigortas\u0131 Kapsam\u0131 d\u0131\u015f\u0131ndaki maddi-manevi t\u00fcm sorumluluklar\u0131 kabul eder.<\/p>\n<p><strong>13.K\u0130RALAYAN, K\u0130RACI\u2019<\/strong> n\u0131n kiralad\u0131\u011f\u0131 arac\u0131n herhangi bir nedenle hizmet d\u0131\u015f\u0131 kalmas\u0131ndan veya ara\u00e7ta bulunan ki\u015fi ve\/veya mamul, ekipman, par\u00e7a vb.nin herhangi bir sebeple g\u00f6rece\u011fi hasar ve kay\u0131plarla ilgili olarak veya K\u0130RACI taraf\u0131ndan yada b\u0131rak\u0131lan herhangi bir mal yada e\u015fyadan do\u011facak maddi-manevi kay\u0131plardan, cezai sorumluluklardan hi\u00e7bir \u015fekilde sorumlu tutulamaz. K\u0130RACI, kiraya vereni bahsedilen t\u00fcrde kay\u0131p, ceza, sorumluluk ya da hasar sonucu meydana gelebilecek dava, su\u00e7lama, \u015fikayet ve zarardan ibra eder.<\/p>\n<p><strong>14.K\u0130RALAYAN<\/strong>, arac\u0131n \u00fcretimini yapmad\u0131\u011f\u0131ndan, arac\u0131n yada yedek par\u00e7alar\u0131n\u0131 mekanik ve imalat hatas\u0131 sonucunda meydana gelebilecek kay\u0131plardan hi\u00e7bir \u015fekilde sorumlu tutulamaz. K\u0130RACI, mal ve yolcu ta\u015f\u0131d\u0131\u011f\u0131 takdirde, ta\u015f\u0131nan mal ve yolcu ile ilgili tek sorumlunun kendisi oldu\u011funu kabul eder.<\/p>\n<p><strong>15.K\u0130RACI,<\/strong> kiralad\u0131\u011f\u0131 arac\u0131 nedeni ne olursa olsun \u015fartnamede g\u00f6sterilen tarihten \u00f6nce iade etme talebinde bulunamaz. Aksi durumda, s\u00f6zle\u015fmenin biti\u015f tarihine kadar olan kira bedelini \u00f6demeyi<br \/>kabul ve taahh\u00fct eder.<\/p>\n<p><strong>16.K\u0130RACI<\/strong> arac\u0131n kullan\u0131m\u0131ndan do\u011fan her t\u00fcrl\u00fc akaryak\u0131t, otoyol, k\u00f6pr\u00fc ge\u00e7i\u015f \u00fccreti, t\u00fcm trafik cezalar\u0131, otopark \u00fccretlerini, kira bedeliyle birlikte kiralama s\u00fcresi boyunca olu\u015facak trafik cezalar\u0131, ara\u00e7 hasar sorumluluk bedeli, ara\u00e7 h\u0131rs\u0131zl\u0131k sorumluluk bedeli, akaryak\u0131t bedeli, \u015fof\u00f6r bedeli, k\u00f6pr\u00fc ge\u00e7i\u015f bedeli, gecikme cezas\u0131 bedeli, tek y\u00f6n \u00fccreti, teslim alma \u00fccreti, teslim etme \u00fccreti, tazminat ve bu \u015fartnameye g\u00f6re \u00f6denmesi gereken di\u011fer t\u00fcm bedelleri ve arac\u0131n hatal\u0131 kullan\u0131m\u0131ndan dolay\u0131 ortaya \u00e7\u0131kan her t\u00fcrl\u00fc tamirat, yenileme ve hasar sorumluluk bedellerini \u00f6demeyi kabul eder. Arac\u0131n hatal\u0131 kullan\u0131m\u0131n\u0131n tespitini, K\u0130RALAYAN taraf\u0131ndan arac\u0131n s\u00fcrekli olarak servis bak\u0131m\u0131n\u0131n yapt\u0131r\u0131ld\u0131\u011f\u0131 teknik servis \u015firketi yapar.<\/p>\n<p><strong>17.K\u0130RACI\u2019n\u0131n<\/strong> tebligat adresi bu \u015fartnamenin 1.sayfas\u0131nda belirtilen K\u0130RACI adresi olup, aksi yaz\u0131l\u0131 olarak bildirilmedik\u00e7e tebligat kanununun 35.maddesi uygulan\u0131r.<\/p>\n<p><strong>18.<\/strong>Bu uzun s\u00fcreli kira \u015fartnamesinde K\u0130RACI 2918 say\u0131l\u0131 yasan\u0131n 3.maddesi \u00e7er\u00e7evesinde i\u015fleten durumda olup taraflar bu \u015fartnameden do\u011fan itilaflar\u0131n \u00e7\u00f6z\u00fcm\u00fcnde s\u00f6zle\u015fme senedi \u00fczerinde yazan il mahkemelerini ve icra dairelerinin yetkili olaca\u011f\u0131n\u0131 kabul eder.<\/p>\n<p><strong>19.<\/strong>Bu ara\u00e7 kiralama \u015fartnamesinin 1.sayfas\u0131ndaki alanda kiralama ba\u015flang\u0131c\u0131nda, K\u0130RACI taraf\u0131ndan yap\u0131lan hesaplar\u0131 kabul ettikten sonra hesaplan\u0131r. K\u0130RACI 3( \u00dc\u00e7 ) sayfadan ve 19 ( On dokuz )maddeden olu\u015fan bu ara\u00e7 kiralama \u015fartnamesinin tamam\u0131n\u0131 okudu\u011funu ve t\u00fcm maddeleri \u00fczerinde mutab\u0131k kalarak kabul etti\u011fini her sayfaya imza atmaya gerek olmad\u0131\u011f\u0131n\u0131 beyan eder.<\/p>","protected":false},"excerpt":{"rendered":"<p>Kiralama S\u00f6zle\u015fmesi ARA\u00c7 K\u0130RALAMA \u015eARTNAMES\u0130 RENT A CAR \u015eARTLARI; Bir taraftan bu \u015fartnamenin 1.sayfas\u0131nda tan\u0131mlanan arac\u0131, kira \u00fccreti kar\u015f\u0131l\u0131\u011f\u0131nda kullanmak \u00fczere teslim alan K\u0130RACI ile, di\u011fer taraftan bu arac\u0131 kiraya veren K\u0130RALAYAN, ara\u00e7 kiralamas\u0131 ile ilgili olarak a\u015fa\u011f\u0131da a\u00e7\u0131klanan ko\u015fullarda anla\u015fmaya varm\u0131\u015flard\u0131r. 1.K\u0130RA D\u00d6NEM\u0130-K\u0130RA S\u00dcRES\u0130 VE ARA\u00c7 TESL\u0130M\u0130;Ara\u00e7, K\u0130RALAYAN taraf\u0131ndan K\u0130RACI\u2019 ya, t\u00fcm lastikleri, araca [&hellip;]<\/p>\n","protected":false},"author":1,"featured_media":0,"parent":0,"menu_order":0,"comment_status":"closed","ping_status":"closed","template":"","meta":{"footnotes":""},"class_list":["post-233","page","type-page","status-publish","hentry"],"yoast_head":"<!-- This site is optimized with the Yoast SEO plugin v27.6 - https:\/\/yoast.com\/product\/yoast-seo-wordpress\/ -->\n<title>Kiralama S\u00f6zle\u015fmesi &#8211; Kurumsal Ara\u00e7 Kiralama<\/title>\n<meta name=\"description\" content=\"Sirena Car Kurumsal Ara\u00e7 Kiralama Hizmetleri ile \u00d6zg\u00fcrl\u00fc\u011f\u00fc Deneyimleyin. Sirena Car ayr\u0131cal\u0131\u011f\u0131 ile ara\u00e7 kiralama s\u00f6zle\u015fmesi i\u00e7in t\u0131klay\u0131n\u0131z.\" \/>\n<meta name=\"robots\" content=\"index, follow, max-snippet:-1, max-image-preview:large, max-video-preview:-1\" \/>\n<link rel=\"canonical\" href=\"https:\/\/www.sirenacar.com\/en\/kiralama-sozlesmesi\/\" \/>\n<meta property=\"og:locale\" content=\"en_US\" \/>\n<meta property=\"og:type\" content=\"article\" \/>\n<meta property=\"og:title\" content=\"Kiralama S\u00f6zle\u015fmesi &#8211; Kurumsal Ara\u00e7 Kiralama\" \/>\n<meta property=\"og:description\" content=\"Sirena Car Kurumsal Ara\u00e7 Kiralama Hizmetleri ile \u00d6zg\u00fcrl\u00fc\u011f\u00fc Deneyimleyin. Sirena Car ayr\u0131cal\u0131\u011f\u0131 ile ara\u00e7 kiralama s\u00f6zle\u015fmesi i\u00e7in t\u0131klay\u0131n\u0131z.\" \/>\n<meta property=\"og:url\" content=\"https:\/\/www.sirenacar.com\/en\/kiralama-sozlesmesi\/\" \/>\n<meta property=\"og:site_name\" content=\"Kurumsal Ara\u00e7 Kiralama\" \/>\n<meta property=\"article:publisher\" content=\"https:\/\/www.facebook.com\/sirenarentacar\" \/>\n<meta property=\"article:modified_time\" content=\"2022-02-19T01:01:41+00:00\" \/>\n<meta property=\"og:image\" content=\"https:\/\/www.sirenacar.com\/wp-content\/uploads\/2022\/02\/x_565_424_bedelsiz-kiralama-nedir.png\" \/>\n<meta name=\"twitter:card\" content=\"summary_large_image\" \/>\n<meta name=\"twitter:site\" content=\"@Sirenarentacar\" \/>\n<meta name=\"twitter:label1\" content=\"Est. reading time\" \/>\n\t<meta name=\"twitter:data1\" content=\"8 minutes\" \/>\n<script type=\"application\/ld+json\" class=\"yoast-schema-graph\">{\"@context\":\"https:\\\/\\\/schema.org\",\"@graph\":[{\"@type\":\"WebPage\",\"@id\":\"https:\\\/\\\/www.sirenacar.com\\\/en\\\/kiralama-sozlesmesi\\\/\",\"url\":\"https:\\\/\\\/www.sirenacar.com\\\/en\\\/kiralama-sozlesmesi\\\/\",\"name\":\"Kiralama S\u00f6zle\u015fmesi &#8211; Kurumsal Ara\u00e7 Kiralama\",\"isPartOf\":{\"@id\":\"https:\\\/\\\/www.sirenacar.com\\\/#website\"},\"primaryImageOfPage\":{\"@id\":\"https:\\\/\\\/www.sirenacar.com\\\/en\\\/kiralama-sozlesmesi\\\/#primaryimage\"},\"image\":{\"@id\":\"https:\\\/\\\/www.sirenacar.com\\\/en\\\/kiralama-sozlesmesi\\\/#primaryimage\"},\"thumbnailUrl\":\"https:\\\/\\\/www.sirenacar.com\\\/wp-content\\\/uploads\\\/2022\\\/02\\\/x_565_424_bedelsiz-kiralama-nedir.png\",\"datePublished\":\"2022-01-27T17:31:43+00:00\",\"dateModified\":\"2022-02-19T01:01:41+00:00\",\"description\":\"Sirena Car Kurumsal Ara\u00e7 Kiralama Hizmetleri ile \u00d6zg\u00fcrl\u00fc\u011f\u00fc Deneyimleyin. Sirena Car ayr\u0131cal\u0131\u011f\u0131 ile ara\u00e7 kiralama s\u00f6zle\u015fmesi i\u00e7in t\u0131klay\u0131n\u0131z.\",\"breadcrumb\":{\"@id\":\"https:\\\/\\\/www.sirenacar.com\\\/en\\\/kiralama-sozlesmesi\\\/#breadcrumb\"},\"inLanguage\":\"en-US\",\"potentialAction\":[{\"@type\":\"ReadAction\",\"target\":[\"https:\\\/\\\/www.sirenacar.com\\\/en\\\/kiralama-sozlesmesi\\\/\"]}]},{\"@type\":\"ImageObject\",\"inLanguage\":\"en-US\",\"@id\":\"https:\\\/\\\/www.sirenacar.com\\\/en\\\/kiralama-sozlesmesi\\\/#primaryimage\",\"url\":\"https:\\\/\\\/www.sirenacar.com\\\/wp-content\\\/uploads\\\/2022\\\/02\\\/x_565_424_bedelsiz-kiralama-nedir.png\",\"contentUrl\":\"https:\\\/\\\/www.sirenacar.com\\\/wp-content\\\/uploads\\\/2022\\\/02\\\/x_565_424_bedelsiz-kiralama-nedir.png\"},{\"@type\":\"BreadcrumbList\",\"@id\":\"https:\\\/\\\/www.sirenacar.com\\\/en\\\/kiralama-sozlesmesi\\\/#breadcrumb\",\"itemListElement\":[{\"@type\":\"ListItem\",\"position\":1,\"name\":\"Kurumsal Ara\u00e7 Kiralama\",\"item\":\"https:\\\/\\\/www.sirenacar.com\\\/\"},{\"@type\":\"ListItem\",\"position\":2,\"name\":\"Kiralama S\u00f6zle\u015fmesi\"}]},{\"@type\":\"WebSite\",\"@id\":\"https:\\\/\\\/www.sirenacar.com\\\/#website\",\"url\":\"https:\\\/\\\/www.sirenacar.com\\\/\",\"name\":\"Kurumsal Ara\u00e7 Kiralama\",\"description\":\"Experience the Liberty\",\"publisher\":{\"@id\":\"https:\\\/\\\/www.sirenacar.com\\\/#organization\"},\"potentialAction\":[{\"@type\":\"SearchAction\",\"target\":{\"@type\":\"EntryPoint\",\"urlTemplate\":\"https:\\\/\\\/www.sirenacar.com\\\/?s={search_term_string}\"},\"query-input\":{\"@type\":\"PropertyValueSpecification\",\"valueRequired\":true,\"valueName\":\"search_term_string\"}}],\"inLanguage\":\"en-US\"},{\"@type\":\"Organization\",\"@id\":\"https:\\\/\\\/www.sirenacar.com\\\/#organization\",\"name\":\"Sirena Rent a Car\",\"url\":\"https:\\\/\\\/www.sirenacar.com\\\/\",\"logo\":{\"@type\":\"ImageObject\",\"inLanguage\":\"en-US\",\"@id\":\"https:\\\/\\\/www.sirenacar.com\\\/#\\\/schema\\\/logo\\\/image\\\/\",\"url\":\"https:\\\/\\\/i0.wp.com\\\/www.sirenacar.com\\\/wp-content\\\/uploads\\\/2022\\\/01\\\/Sirena-Logo-RESMI-PNG.png?fit=2771%2C609&ssl=1\",\"contentUrl\":\"https:\\\/\\\/i0.wp.com\\\/www.sirenacar.com\\\/wp-content\\\/uploads\\\/2022\\\/01\\\/Sirena-Logo-RESMI-PNG.png?fit=2771%2C609&ssl=1\",\"width\":2771,\"height\":609,\"caption\":\"Sirena Rent a Car\"},\"image\":{\"@id\":\"https:\\\/\\\/www.sirenacar.com\\\/#\\\/schema\\\/logo\\\/image\\\/\"},\"sameAs\":[\"https:\\\/\\\/www.facebook.com\\\/sirenarentacar\",\"https:\\\/\\\/x.com\\\/Sirenarentacar\",\"https:\\\/\\\/www.instagram.com\\\/sirenarentacar\",\"https:\\\/\\\/www.linkedin.com\\\/company\\\/sirena-car\"]}]}<\/script>\n<!-- \/ Yoast SEO plugin. -->","yoast_head_json":{"title":"Kiralama S\u00f6zle\u015fmesi &#8211; Kurumsal Ara\u00e7 Kiralama","description":"Sirena Car Kurumsal Ara\u00e7 Kiralama Hizmetleri ile \u00d6zg\u00fcrl\u00fc\u011f\u00fc Deneyimleyin. Sirena Car ayr\u0131cal\u0131\u011f\u0131 ile ara\u00e7 kiralama s\u00f6zle\u015fmesi i\u00e7in t\u0131klay\u0131n\u0131z.","robots":{"index":"index","follow":"follow","max-snippet":"max-snippet:-1","max-image-preview":"max-image-preview:large","max-video-preview":"max-video-preview:-1"},"canonical":"https:\/\/www.sirenacar.com\/en\/kiralama-sozlesmesi\/","og_locale":"en_US","og_type":"article","og_title":"Kiralama S\u00f6zle\u015fmesi &#8211; Kurumsal Ara\u00e7 Kiralama","og_description":"Sirena Car Kurumsal Ara\u00e7 Kiralama Hizmetleri ile \u00d6zg\u00fcrl\u00fc\u011f\u00fc Deneyimleyin. Sirena Car ayr\u0131cal\u0131\u011f\u0131 ile ara\u00e7 kiralama s\u00f6zle\u015fmesi i\u00e7in t\u0131klay\u0131n\u0131z.","og_url":"https:\/\/www.sirenacar.com\/en\/kiralama-sozlesmesi\/","og_site_name":"Kurumsal Ara\u00e7 Kiralama","article_publisher":"https:\/\/www.facebook.com\/sirenarentacar","article_modified_time":"2022-02-19T01:01:41+00:00","og_image":[{"url":"https:\/\/www.sirenacar.com\/wp-content\/uploads\/2022\/02\/x_565_424_bedelsiz-kiralama-nedir.png","type":"","width":"","height":""}],"twitter_card":"summary_large_image","twitter_site":"@Sirenarentacar","twitter_misc":{"Est. reading time":"8 minutes"},"schema":{"@context":"https:\/\/schema.org","@graph":[{"@type":"WebPage","@id":"https:\/\/www.sirenacar.com\/en\/kiralama-sozlesmesi\/","url":"https:\/\/www.sirenacar.com\/en\/kiralama-sozlesmesi\/","name":"Kiralama S\u00f6zle\u015fmesi &#8211; Kurumsal Ara\u00e7 Kiralama","isPartOf":{"@id":"https:\/\/www.sirenacar.com\/#website"},"primaryImageOfPage":{"@id":"https:\/\/www.sirenacar.com\/en\/kiralama-sozlesmesi\/#primaryimage"},"image":{"@id":"https:\/\/www.sirenacar.com\/en\/kiralama-sozlesmesi\/#primaryimage"},"thumbnailUrl":"https:\/\/www.sirenacar.com\/wp-content\/uploads\/2022\/02\/x_565_424_bedelsiz-kiralama-nedir.png","datePublished":"2022-01-27T17:31:43+00:00","dateModified":"2022-02-19T01:01:41+00:00","description":"Sirena Car Kurumsal Ara\u00e7 Kiralama Hizmetleri ile \u00d6zg\u00fcrl\u00fc\u011f\u00fc Deneyimleyin. Sirena Car ayr\u0131cal\u0131\u011f\u0131 ile ara\u00e7 kiralama s\u00f6zle\u015fmesi i\u00e7in t\u0131klay\u0131n\u0131z.","breadcrumb":{"@id":"https:\/\/www.sirenacar.com\/en\/kiralama-sozlesmesi\/#breadcrumb"},"inLanguage":"en-US","potentialAction":[{"@type":"ReadAction","target":["https:\/\/www.sirenacar.com\/en\/kiralama-sozlesmesi\/"]}]},{"@type":"ImageObject","inLanguage":"en-US","@id":"https:\/\/www.sirenacar.com\/en\/kiralama-sozlesmesi\/#primaryimage","url":"https:\/\/www.sirenacar.com\/wp-content\/uploads\/2022\/02\/x_565_424_bedelsiz-kiralama-nedir.png","contentUrl":"https:\/\/www.sirenacar.com\/wp-content\/uploads\/2022\/02\/x_565_424_bedelsiz-kiralama-nedir.png"},{"@type":"BreadcrumbList","@id":"https:\/\/www.sirenacar.com\/en\/kiralama-sozlesmesi\/#breadcrumb","itemListElement":[{"@type":"ListItem","position":1,"name":"Kurumsal Ara\u00e7 Kiralama","item":"https:\/\/www.sirenacar.com\/"},{"@type":"ListItem","position":2,"name":"Kiralama S\u00f6zle\u015fmesi"}]},{"@type":"WebSite","@id":"https:\/\/www.sirenacar.com\/#website","url":"https:\/\/www.sirenacar.com\/","name":"Corporate Car Rental","description":"Experience the Liberty","publisher":{"@id":"https:\/\/www.sirenacar.com\/#organization"},"potentialAction":[{"@type":"SearchAction","target":{"@type":"EntryPoint","urlTemplate":"https:\/\/www.sirenacar.com\/?s={search_term_string}"},"query-input":{"@type":"PropertyValueSpecification","valueRequired":true,"valueName":"search_term_string"}}],"inLanguage":"en-US"},{"@type":"Organization","@id":"https:\/\/www.sirenacar.com\/#organization","name":"Sirena Rent a Car","url":"https:\/\/www.sirenacar.com\/","logo":{"@type":"ImageObject","inLanguage":"en-US","@id":"https:\/\/www.sirenacar.com\/#\/schema\/logo\/image\/","url":"https:\/\/i0.wp.com\/www.sirenacar.com\/wp-content\/uploads\/2022\/01\/Sirena-Logo-RESMI-PNG.png?fit=2771%2C609&ssl=1","contentUrl":"https:\/\/i0.wp.com\/www.sirenacar.com\/wp-content\/uploads\/2022\/01\/Sirena-Logo-RESMI-PNG.png?fit=2771%2C609&ssl=1","width":2771,"height":609,"caption":"Sirena Rent a Car"},"image":{"@id":"https:\/\/www.sirenacar.com\/#\/schema\/logo\/image\/"},"sameAs":["https:\/\/www.facebook.com\/sirenarentacar","https:\/\/x.com\/Sirenarentacar","https:\/\/www.instagram.com\/sirenarentacar","https:\/\/www.linkedin.com\/company\/sirena-car"]}]}},"jetpack_sharing_enabled":true,"_links":{"self":[{"href":"https:\/\/www.sirenacar.com\/en\/wp-json\/wp\/v2\/pages\/233","targetHints":{"allow":["GET"]}}],"collection":[{"href":"https:\/\/www.sirenacar.com\/en\/wp-json\/wp\/v2\/pages"}],"about":[{"href":"https:\/\/www.sirenacar.com\/en\/wp-json\/wp\/v2\/types\/page"}],"author":[{"embeddable":true,"href":"https:\/\/www.sirenacar.com\/en\/wp-json\/wp\/v2\/users\/1"}],"replies":[{"embeddable":true,"href":"https:\/\/www.sirenacar.com\/en\/wp-json\/wp\/v2\/comments?post=233"}],"version-history":[{"count":7,"href":"https:\/\/www.sirenacar.com\/en\/wp-json\/wp\/v2\/pages\/233\/revisions"}],"predecessor-version":[{"id":595,"href":"https:\/\/www.sirenacar.com\/en\/wp-json\/wp\/v2\/pages\/233\/revisions\/595"}],"wp:attachment":[{"href":"https:\/\/www.sirenacar.com\/en\/wp-json\/wp\/v2\/media?parent=233"}],"curies":[{"name":"wp","href":"https:\/\/api.w.org\/{rel}","templated":true}]}}