{"id":3,"date":"2022-01-21T18:51:53","date_gmt":"2022-01-21T18:51:53","guid":{"rendered":"https:\/\/www.sirenacar.com\/?page_id=3"},"modified":"2022-02-19T03:57:33","modified_gmt":"2022-02-19T00:57:33","slug":"aydinlatma-metni","status":"publish","type":"page","link":"https:\/\/www.sirenacar.com\/en\/aydinlatma-metni\/","title":{"rendered":"Clarification Text"},"content":{"rendered":"<figure class=\"wp-block-image size-full is-style-default\"><img data-recalc-dims=\"1\" fetchpriority=\"high\" decoding=\"async\" width=\"876\" height=\"240\" src=\"https:\/\/i0.wp.com\/www.sirenacar.com\/wp-content\/uploads\/2022\/02\/Screenshot_1638722431.png?resize=876%2C240&#038;ssl=1\" alt=\"Ayd\u0131nlatma Metni\" class=\"wp-image-589\" srcset=\"https:\/\/i0.wp.com\/www.sirenacar.com\/wp-content\/uploads\/2022\/02\/Screenshot_1638722431.png?w=876&amp;ssl=1 876w, https:\/\/i0.wp.com\/www.sirenacar.com\/wp-content\/uploads\/2022\/02\/Screenshot_1638722431.png?resize=300%2C82&amp;ssl=1 300w, https:\/\/i0.wp.com\/www.sirenacar.com\/wp-content\/uploads\/2022\/02\/Screenshot_1638722431.png?resize=768%2C210&amp;ssl=1 768w\" sizes=\"(max-width: 876px) 100vw, 876px\" \/><\/figure>\n\n\n\n<p><strong>6698 <a href=\"https:\/\/www.mevzuat.gov.tr\/mevzuat?MevzuatNo=6698&amp;MevzuatTur=1&amp;MevzuatTertip=5\">SAYILI K\u0130\u015e\u0130SEL VER\u0130LER\u0130N KORUNMASI KANUNU<\/a> UYARINCA\u00a0AYDINLATMA METN\u0130<\/strong><\/p>\n\n\n\n<p class=\"has-black-color has-text-color\">      Ki\u015fisel verilerinizin korunmas\u0131 ve g\u00fcvenli\u011finin sa\u011flanmas\u0131 \u00f6nceli\u011fimiz olmakla, 6698 Say\u0131l\u0131 Ki\u015fisel Verilerin Korunmas\u0131 Kanunu&nbsp;(bundan sonra \u201cKVKK\u201d olarak an\u0131lacakt\u0131r)&nbsp;ve ilgili di\u011fer mevzuat h\u00fck\u00fcmleri uyar\u0131nca Veri Sorumlusu s\u0131fat\u0131yla i\u015fbu \u201cAyd\u0131nlatma Metni\u201dni haz\u0131rlam\u0131\u015f bulunmaktay\u0131z. \u0130\u015fbu Ayd\u0131nlatma Metni ile KVKK\u2019un 10. Maddesinde yer alan \u201cVeri Sorumlusunun Ayd\u0131nlatma Y\u00fck\u00fcml\u00fcl\u00fc\u011f\u00fc\u201d ba\u015fl\u0131kl\u0131 d\u00fczenlemesi \u00e7er\u00e7evesinde; hangi ki\u015fisel verilerinizin, hangi ama\u00e7 ve hukuki sebeple i\u015flenece\u011fi, i\u015flenen ki\u015fisel verilerinizin kimlere ve hangi ama\u00e7la aktar\u0131labilece\u011fi, ki\u015fisel verilerinizin toplanmas\u0131n\u0131n y\u00f6ntemi ve KVKK\u2019nun 11. maddesinde say\u0131lan ki\u015fisel verilerinize ili\u015fkin bilgi talep etme, d\u00fczeltme isteme ve di\u011fer haklar\u0131n\u0131z ve bu haklar\u0131n\u0131z\u0131 ne \u015fekilde kullanaca\u011f\u0131n\u0131z hakk\u0131nda siz de\u011ferli m\u00fc\u015fterilerimizi bilgilendirmek isteriz.<\/p>\n\n\n\n<p>        \u201c&nbsp;Ki\u015fisel veri\u201d&nbsp;kimli\u011fi belirli veya belirlenebilir ger\u00e7ek ki\u015fiye (m\u00fc\u015fteriye) ili\u015fkin s\u00f6zle\u015fmede yer alanlar da dahil olmak \u00fczere her t\u00fcrl\u00fc bilgiyi,<\/p>\n\n\n\n<p>        \u201c&nbsp;\u00d6zel nitelikli ki\u015fisel veri\u201d&nbsp;ki\u015finin (Personelin) \u0131rk\u0131, etnik k\u00f6keni, siyasi d\u00fc\u015f\u00fcncesi, felsefi inanc\u0131, dini, mezhebi veya di\u011fer inan\u00e7lar\u0131, k\u0131l\u0131k ve k\u0131yafeti, dernek, vak\u0131f ya da sendika \u00fcyeli\u011fi, sa\u011fl\u0131\u011f\u0131, cinsel hayat\u0131, ceza mahk\u00fbmiyeti ve g\u00fcvenlik tedbirleriyle ilgili verileri ile biyometrik ve genetik verilerini,<\/p>\n\n\n\n<p>        \u201c&nbsp;Ki\u015fisel verilerin i\u015flenmesi\u201d&nbsp;ki\u015fisel verilerin tamamen veya k\u0131smen otomatik olan ya da herhangi bir veri kay\u0131t sisteminin par\u00e7as\u0131 olmak kayd\u0131yla otomatik olmayan yollarla elde edilmesi, kaydedilmesi, depolanmas\u0131, muhafaza edilmesi, de\u011fi\u015ftirilmesi, yeniden d\u00fczenlenmesi, a\u00e7\u0131klanmas\u0131, aktar\u0131lmas\u0131, devral\u0131nmas\u0131, elde edilebilir h\u00e2le getirilmesi, s\u0131n\u0131fland\u0131r\u0131lmas\u0131 ya da kullan\u0131lmas\u0131n\u0131n engellenmesi gibi veriler \u00fczerinde ger\u00e7ekle\u015ftirilen her t\u00fcrl\u00fc i\u015flemi,<\/p>\n\n\n\n<p>        \u201c&nbsp;Veri i\u015fleyen\u201d&nbsp;veri sorumlusunun verdi\u011fi yetkiye dayanarak onun ad\u0131na ki\u015fisel verileri i\u015fleyen ger\u00e7ek veya t\u00fczel ki\u015fiyi ifade etmektedir.<\/p>\n\n\n\n<p>        KVKK uyar\u0131nca, \u201cVeri Sorumlusu\u201d olarak;\u00a0\u201c<a href=\"https:\/\/www.sirenacar.com\/en\/kiralama-sozlesmesi\/\">ara\u00e7 kiralama s\u00f6zle\u015fmesi<\/a> ile taraf\u0131m\u0131za iletmi\u015f oldu\u011funuz kimlik ve adres bilgileriniz,\u00a0sabit ve mobil telefon numaralar\u0131n\u0131z\u201d\u00a0ve bunlar d\u0131\u015f\u0131nda \u015firketimize iletmi\u015f\/sunmu\u015f\/ula\u015ft\u0131rm\u0131\u015f oldu\u011funuz her t\u00fcrl\u00fc ki\u015fisel verinizi Kanun\u2019un 5. ve 6. Maddelerinde belirtilen \u015fartlara ve ilgili t\u00fcm mevzuat h\u00fck\u00fcmlerine uygun olarak;<\/p>\n\n\n\n<p>        \u015eirketimizin g\u00f6rev, yetki, y\u00fck\u00fcml\u00fcl\u00fck, hizmet ve faaliyetlerini mevzuata uygun olarak yerine getirmek, bunlar\u0131 geli\u015ftirmek,<\/p>\n\n\n\n<p>        \u015eirket politikalar\u0131n\u0131n tespiti, planlanmas\u0131 ve uygulanmas\u0131,<\/p>\n\n\n\n<p>        \u015eirketimiz m\u00fc\u015fterilerinin, i\u015f ortaklar\u0131n\u0131n, ticari ili\u015fki i\u00e7inde oldu\u011fu t\u00fczel ki\u015filerin veri g\u00fcvenli\u011finin sa\u011flanmas\u0131,<\/p>\n\n\n\n<p>        Mevzuat gere\u011fi ba\u015fta adli merciler olmak \u00fczere kamu kurum ve kurulu\u015flar\u0131ndan gelen talepler \u00fczerine gerekli bilginin sa\u011flanmas\u0131,<\/p>\n\n\n\n<p>        Yasal d\u00fczenlemelerin gerektirdi\u011fi veya zorunlu k\u0131ld\u0131\u011f\u0131 \u015fekilde hukuki y\u00fck\u00fcml\u00fcl\u00fcklerinin yerine getirilmesinin sa\u011flanmas\u0131,<\/p>\n\n\n\n<p>        \u015eirket faaliyetlerimizin ve uygulamalar\u0131m\u0131z\u0131n g\u00fcvenli\u011finin sa\u011flanmas\u0131 amac\u0131yla t\u00fcm gerekli teknik ve idari tedbirlerin al\u0131nmas\u0131,<\/p>\n\n\n\n<p>        Ziyaret\u00e7i\/M\u00fc\u015fteri\/ kay\u0131tlar\u0131n\u0131 olu\u015fturulmas\u0131 ve takibi,<\/p>\n\n\n\n<p>        M\u00fc\u015fteri memnuniyeti, firma zarar riski ara\u00e7 g\u00fcvenirlili\u011fi amac\u0131yla m\u00fc\u015fteri hakk\u0131nda ki iyi\/k\u00f6t\u00fc yorumlar\u0131n di\u011fer program ortaklar\u0131yla (Rmira Teknoloji A.\u015e.\/rentacarss b\u00fcnyesinde bulunan \u00fcye rent a car firmalar\u0131) payla\u015f\u0131labilmesi,<\/p>\n\n\n\n<p>        Ayr\u0131ca, 634 Say\u0131l\u0131 Kat M\u00fclkiyeti Kanunu, 6098 say\u0131l\u0131 T\u00fcrk Bor\u00e7lar Kanunu ile say\u0131lan kanunlara ili\u015fkin ikincil mevzuat h\u00fck\u00fcmleri, vergi mevzuat\u0131ndan do\u011fan y\u00fck\u00fcml\u00fcl\u00fckler ile di\u011fer yetkili kamu otoritelerinin zorunlu k\u0131ld\u0131\u011f\u0131 haller ve ilgili di\u011fer mevzuat h\u00fck\u00fcmleri gereklerinin yerine getirilmesi ama\u00e7lar\u0131yla muhafaza edilebilir, kullan\u0131labilir, g\u00fcncellenebilir, payla\u015f\u0131labilir, aktar\u0131labilir ve sair suretler ile i\u015flenebilir.<\/p>\n\n\n\n<p>        Kanun kapsam\u0131nda koruma alt\u0131ndaki ki\u015fisel verileriniz, Kanun taraf\u0131ndan \u00f6ng\u00f6r\u00fclen temel ilkelere uygun olarak ve Kanun\u2019un 8. ve 9. maddelerinde belirtilen ki\u015fisel veri i\u015fleme \u015fartlar\u0131 ve ama\u00e7lar\u0131na uygun \u015fekilde, yukar\u0131da belirtilen ama\u00e7larla; Hizmetinden faydaland\u0131\u011f\u0131m\u0131z ve i\u015fbirli\u011fi i\u00e7erisinde bulundu\u011fumuz altyap\u0131 ve yaz\u0131l\u0131m deste\u011fi sunan hizmet sa\u011flay\u0131c\u0131lar ile i\u015f ortaklar\u0131m\u0131z,&nbsp;d\u00fczenleyici ve denetleyici kurumlar gibi resmi kurum ve kurulu\u015flar,&nbsp;Avukatlar, vergi dan\u0131\u015fmanlar\u0131 ve denetimciler de d\u00e2hil olmak \u00fczere dan\u0131\u015fmanl\u0131k ald\u0131\u011f\u0131m\u0131z \u00fc\u00e7\u00fcnc\u00fc ki\u015filer ba\u015fta olmak \u00fczere; i\u015f ortaklar\u0131m\u0131z, tedarik\u00e7ilerimiz, hissedarlar\u0131m\u0131z, \u015fubelerimiz, kanunen yetkili kurum ve kurulu\u015flar ile hukuka ve d\u00fcr\u00fcstl\u00fck kurallar\u0131na uygun olarak ve \u00f6l\u00e7\u00fcl\u00fcl\u00fck ilkesi de g\u00f6zetilerek veri aktar\u0131m\u0131na ili\u015fkin h\u00fck\u00fcmler de bar\u0131nd\u0131ran gizlilik s\u00f6zle\u015fmeleri ile veri g\u00fcvenli\u011fi temin edilmek suretiyle payla\u015f\u0131labilecek, yeterli korumaya sahip veya yeterli korumay\u0131 taahh\u00fct eden veri sorumlusunun bulundu\u011fu yabanc\u0131 \u00fclkelere aktarabilecektir.<\/p>\n\n\n\n<p>        Bu ki\u015fisel veriler, Kanunun 5. maddesinde belirtilen \u201cilgili ki\u015finin temel hak ve \u00f6zg\u00fcrl\u00fcklerine zarar vermemek kayd\u0131yla veri sorumlusunun me\u015fru menfaati i\u00e7in zorunlu olmas\u0131\u201d hukuki sebebine ve yukar\u0131da say\u0131lan ama\u00e7lara dayal\u0131 olarak telefon yoluyla, kamera ile, bilgisayar \u00fczerinde, sabit ve mobil hatlar arac\u0131l\u0131\u011f\u0131yla, otomatik, manuel ya da yaz\u0131l\u0131 olarak i\u015flenmektedir.<\/p>\n\n\n\n<p>        Kanun kapsam\u0131nda; ki\u015fisel verilerinizin i\u015flenip i\u015flenmedi\u011fini \u00f6\u011frenme, ki\u015fisel verileriniz i\u015flenmi\u015fse buna ili\u015fkin bilgi talep etme, ki\u015fisel verilerinizin i\u015flenme amac\u0131n\u0131 ve bunlar\u0131n amac\u0131na uygun kullan\u0131l\u0131p kullan\u0131lmad\u0131\u011f\u0131n\u0131 \u00f6\u011frenme, yurt i\u00e7inde veya yurt d\u0131\u015f\u0131nda ki\u015fisel verilerinizin aktar\u0131ld\u0131\u011f\u0131 \u00fc\u00e7\u00fcnc\u00fc ki\u015fileri bilme, ki\u015fisel verilerinizin eksik veya yanl\u0131\u015f i\u015flenmi\u015f olmas\u0131 h\u00e2linde bunlar\u0131n d\u00fczeltilmesini isteme, ki\u015fisel verilerinizin eksik veya yanl\u0131\u015f i\u015flenmi\u015f olmas\u0131 h\u00e2linde bunlar\u0131n d\u00fczeltilmesine ve\/veya ki\u015fisel verilerin silinmesine veya yok edilmesine ili\u015fkin i\u015flemlerin ki\u015fisel verilerin aktar\u0131ld\u0131\u011f\u0131 \u00fc\u00e7\u00fcnc\u00fc ki\u015filere bildirilmesini isteme, i\u015flenen verilerinizin m\u00fcnhas\u0131ran otomatik sistemler vas\u0131tas\u0131yla analiz edilmesi suretiyle i\u015flenmesi durumunda aleyhe bir sonucun ortaya \u00e7\u0131kmas\u0131 ihtimalinde itiraz etme, ki\u015fisel verilerinizin kanuna ayk\u0131r\u0131 olarak i\u015flenmesi sebebiyle zarara u\u011fran\u0131lmas\u0131 h\u00e2linde zarar\u0131n giderilmesini talep etme haklar\u0131na sahipsiniz.&nbsp;<\/p>\n\n\n\n<p>        Bu kapsamda yapaca\u011f\u0131n\u0131z ba\u015fvurularda yer alan talepleriniz, talebinizin niteli\u011fine g\u00f6re en ge\u00e7 otuz g\u00fcn i\u00e7inde olmak \u00fczere en k\u0131sa s\u00fcrede ve \u00fccretsiz olarak Studyzone Uluslararas\u0131 E\u011fitim Limited \u015eirketi taraf\u0131ndan sonu\u00e7land\u0131r\u0131l\u0131r. Ancak, i\u015flemin ayr\u0131ca bir maliyeti gerektirmesi h\u00e2linde, Kurulca belirlenen tarifedeki \u00fccret talep edilebilir.<\/p>\n\n\n\n<p>        Yukar\u0131da belirtilen&nbsp;Kanunun \u201cilgili ki\u015finin haklar\u0131n\u0131 d\u00fczenleyen\u201d 11. maddesi kapsam\u0131ndaki haklar\u0131n\u0131z\u0131&nbsp;kullanmak ile ilgili talebinizi, KVKK\u2019nun 13. maddesinin 1. f\u0131kras\u0131 gere\u011fince yaz\u0131l\u0131 veya Ki\u015fisel Verileri Koruma Kurulu\u2019nun belirledi\u011fi di\u011fer y\u00f6ntemlerle taraf\u0131m\u0131za yaz\u0131l\u0131 olarak noter kanal\u0131yla veya iadeli taahh\u00fctl\u00fc posta yoluyla veya mail adresimize iletebilirsiniz.<\/p>\n\n\n\n<p>        KVKK ve di\u011fer ilgili mevzuatta yap\u0131labilecek de\u011fi\u015fiklikler ve Ki\u015fisel Verileri Koruma Kurulu taraf\u0131ndan belirlenecek esaslar nedeni ile uygulama esaslar\u0131 ile bu bilgilendirme ve muvafakatname metninde de\u011fi\u015fiklik yapma hakk\u0131m\u0131z sakl\u0131d\u0131r.\u00a0<br><br>Ayd\u0131nlatma Metni hakk\u0131ndaki di\u011fer konularla ilgili bizimle ileti\u015fime ge\u00e7ebilirsiniz. <br>Ayd\u0131nlatma Metni ile ilgili bilgi i\u00e7in Ki\u015fisel Verilerin Korunmas\u0131 Kurumu &#8216;nun web sitesini ziyaret edebilirsiniz.<\/p>","protected":false},"excerpt":{"rendered":"<p>6698 SAYILI K\u0130\u015e\u0130SEL VER\u0130LER\u0130N KORUNMASI KANUNU UYARINCA\u00a0AYDINLATMA METN\u0130 Ki\u015fisel verilerinizin korunmas\u0131 ve g\u00fcvenli\u011finin sa\u011flanmas\u0131 \u00f6nceli\u011fimiz olmakla, 6698 Say\u0131l\u0131 Ki\u015fisel Verilerin Korunmas\u0131 Kanunu&nbsp;(bundan sonra \u201cKVKK\u201d olarak an\u0131lacakt\u0131r)&nbsp;ve ilgili di\u011fer mevzuat h\u00fck\u00fcmleri uyar\u0131nca Veri Sorumlusu s\u0131fat\u0131yla i\u015fbu \u201cAyd\u0131nlatma Metni\u201dni haz\u0131rlam\u0131\u015f bulunmaktay\u0131z. \u0130\u015fbu Ayd\u0131nlatma Metni ile KVKK\u2019un 10. Maddesinde yer alan \u201cVeri Sorumlusunun Ayd\u0131nlatma Y\u00fck\u00fcml\u00fcl\u00fc\u011f\u00fc\u201d ba\u015fl\u0131kl\u0131 d\u00fczenlemesi \u00e7er\u00e7evesinde; [&hellip;]<\/p>\n","protected":false},"author":1,"featured_media":0,"parent":0,"menu_order":0,"comment_status":"closed","ping_status":"open","template":"","meta":{"footnotes":""},"class_list":["post-3","page","type-page","status-publish","hentry"],"yoast_head":"<!-- This site is optimized with the Yoast SEO plugin v27.6 - https:\/\/yoast.com\/product\/yoast-seo-wordpress\/ -->\n<title>Ayd\u0131nlatma Metni &#8211; Kurumsal Ara\u00e7 Kiralama<\/title>\n<meta name=\"description\" content=\"Sirena Car Kurumsal Ara\u00e7 Kiralama Hizmetleri ile \u00d6zg\u00fcrl\u00fc\u011f\u00fc Deneyimleyin. Ayd\u0131nlatma Metni &#039;mizi okumak i\u00e7in t\u0131klayabilirsiniiz.\" \/>\n<meta name=\"robots\" content=\"index, follow, max-snippet:-1, max-image-preview:large, max-video-preview:-1\" \/>\n<link rel=\"canonical\" href=\"https:\/\/www.sirenacar.com\/en\/aydinlatma-metni\/\" \/>\n<meta property=\"og:locale\" content=\"en_US\" \/>\n<meta property=\"og:type\" content=\"article\" \/>\n<meta property=\"og:title\" content=\"Ayd\u0131nlatma Metni &#8211; Kurumsal Ara\u00e7 Kiralama\" \/>\n<meta property=\"og:description\" content=\"Sirena Car Kurumsal Ara\u00e7 Kiralama Hizmetleri ile \u00d6zg\u00fcrl\u00fc\u011f\u00fc Deneyimleyin. Ayd\u0131nlatma Metni &#039;mizi okumak i\u00e7in t\u0131klayabilirsiniiz.\" \/>\n<meta property=\"og:url\" content=\"https:\/\/www.sirenacar.com\/en\/aydinlatma-metni\/\" \/>\n<meta property=\"og:site_name\" content=\"Kurumsal Ara\u00e7 Kiralama\" \/>\n<meta property=\"article:publisher\" content=\"https:\/\/www.facebook.com\/sirenarentacar\" \/>\n<meta property=\"article:modified_time\" content=\"2022-02-19T00:57:33+00:00\" \/>\n<meta property=\"og:image\" content=\"https:\/\/www.sirenacar.com\/wp-content\/uploads\/2022\/02\/Screenshot_1638722431.png\" \/>\n<meta name=\"twitter:card\" content=\"summary_large_image\" \/>\n<meta name=\"twitter:site\" content=\"@Sirenarentacar\" \/>\n<meta name=\"twitter:label1\" content=\"Est. reading time\" \/>\n\t<meta name=\"twitter:data1\" content=\"6 minutes\" \/>\n<script type=\"application\/ld+json\" class=\"yoast-schema-graph\">{\"@context\":\"https:\\\/\\\/schema.org\",\"@graph\":[{\"@type\":\"WebPage\",\"@id\":\"https:\\\/\\\/www.sirenacar.com\\\/aydinlatma-metni\\\/\",\"url\":\"https:\\\/\\\/www.sirenacar.com\\\/aydinlatma-metni\\\/\",\"name\":\"Ayd\u0131nlatma Metni &#8211; Kurumsal Ara\u00e7 Kiralama\",\"isPartOf\":{\"@id\":\"https:\\\/\\\/www.sirenacar.com\\\/#website\"},\"primaryImageOfPage\":{\"@id\":\"https:\\\/\\\/www.sirenacar.com\\\/aydinlatma-metni\\\/#primaryimage\"},\"image\":{\"@id\":\"https:\\\/\\\/www.sirenacar.com\\\/aydinlatma-metni\\\/#primaryimage\"},\"thumbnailUrl\":\"https:\\\/\\\/www.sirenacar.com\\\/wp-content\\\/uploads\\\/2022\\\/02\\\/Screenshot_1638722431.png\",\"datePublished\":\"2022-01-21T18:51:53+00:00\",\"dateModified\":\"2022-02-19T00:57:33+00:00\",\"description\":\"Sirena Car Kurumsal Ara\u00e7 Kiralama Hizmetleri ile \u00d6zg\u00fcrl\u00fc\u011f\u00fc Deneyimleyin. Ayd\u0131nlatma Metni 'mizi okumak i\u00e7in t\u0131klayabilirsiniiz.\",\"breadcrumb\":{\"@id\":\"https:\\\/\\\/www.sirenacar.com\\\/aydinlatma-metni\\\/#breadcrumb\"},\"inLanguage\":\"en-US\",\"potentialAction\":[{\"@type\":\"ReadAction\",\"target\":[\"https:\\\/\\\/www.sirenacar.com\\\/aydinlatma-metni\\\/\"]}]},{\"@type\":\"ImageObject\",\"inLanguage\":\"en-US\",\"@id\":\"https:\\\/\\\/www.sirenacar.com\\\/aydinlatma-metni\\\/#primaryimage\",\"url\":\"https:\\\/\\\/www.sirenacar.com\\\/wp-content\\\/uploads\\\/2022\\\/02\\\/Screenshot_1638722431.png\",\"contentUrl\":\"https:\\\/\\\/www.sirenacar.com\\\/wp-content\\\/uploads\\\/2022\\\/02\\\/Screenshot_1638722431.png\"},{\"@type\":\"BreadcrumbList\",\"@id\":\"https:\\\/\\\/www.sirenacar.com\\\/aydinlatma-metni\\\/#breadcrumb\",\"itemListElement\":[{\"@type\":\"ListItem\",\"position\":1,\"name\":\"Kurumsal Ara\u00e7 Kiralama\",\"item\":\"https:\\\/\\\/www.sirenacar.com\\\/\"},{\"@type\":\"ListItem\",\"position\":2,\"name\":\"Ayd\u0131nlatma Metni\"}]},{\"@type\":\"WebSite\",\"@id\":\"https:\\\/\\\/www.sirenacar.com\\\/#website\",\"url\":\"https:\\\/\\\/www.sirenacar.com\\\/\",\"name\":\"Kurumsal Ara\u00e7 Kiralama\",\"description\":\"Experience the Liberty\",\"publisher\":{\"@id\":\"https:\\\/\\\/www.sirenacar.com\\\/#organization\"},\"potentialAction\":[{\"@type\":\"SearchAction\",\"target\":{\"@type\":\"EntryPoint\",\"urlTemplate\":\"https:\\\/\\\/www.sirenacar.com\\\/?s={search_term_string}\"},\"query-input\":{\"@type\":\"PropertyValueSpecification\",\"valueRequired\":true,\"valueName\":\"search_term_string\"}}],\"inLanguage\":\"en-US\"},{\"@type\":\"Organization\",\"@id\":\"https:\\\/\\\/www.sirenacar.com\\\/#organization\",\"name\":\"Sirena Rent a Car\",\"url\":\"https:\\\/\\\/www.sirenacar.com\\\/\",\"logo\":{\"@type\":\"ImageObject\",\"inLanguage\":\"en-US\",\"@id\":\"https:\\\/\\\/www.sirenacar.com\\\/#\\\/schema\\\/logo\\\/image\\\/\",\"url\":\"https:\\\/\\\/i0.wp.com\\\/www.sirenacar.com\\\/wp-content\\\/uploads\\\/2022\\\/01\\\/Sirena-Logo-RESMI-PNG.png?fit=2771%2C609&ssl=1\",\"contentUrl\":\"https:\\\/\\\/i0.wp.com\\\/www.sirenacar.com\\\/wp-content\\\/uploads\\\/2022\\\/01\\\/Sirena-Logo-RESMI-PNG.png?fit=2771%2C609&ssl=1\",\"width\":2771,\"height\":609,\"caption\":\"Sirena Rent a Car\"},\"image\":{\"@id\":\"https:\\\/\\\/www.sirenacar.com\\\/#\\\/schema\\\/logo\\\/image\\\/\"},\"sameAs\":[\"https:\\\/\\\/www.facebook.com\\\/sirenarentacar\",\"https:\\\/\\\/x.com\\\/Sirenarentacar\",\"https:\\\/\\\/www.instagram.com\\\/sirenarentacar\",\"https:\\\/\\\/www.linkedin.com\\\/company\\\/sirena-car\"]}]}<\/script>\n<!-- \/ Yoast SEO plugin. -->","yoast_head_json":{"title":"Ayd\u0131nlatma Metni &#8211; Kurumsal Ara\u00e7 Kiralama","description":"Sirena Car Kurumsal Ara\u00e7 Kiralama Hizmetleri ile \u00d6zg\u00fcrl\u00fc\u011f\u00fc Deneyimleyin. Ayd\u0131nlatma Metni 'mizi okumak i\u00e7in t\u0131klayabilirsiniiz.","robots":{"index":"index","follow":"follow","max-snippet":"max-snippet:-1","max-image-preview":"max-image-preview:large","max-video-preview":"max-video-preview:-1"},"canonical":"https:\/\/www.sirenacar.com\/en\/aydinlatma-metni\/","og_locale":"en_US","og_type":"article","og_title":"Ayd\u0131nlatma Metni &#8211; Kurumsal Ara\u00e7 Kiralama","og_description":"Sirena Car Kurumsal Ara\u00e7 Kiralama Hizmetleri ile \u00d6zg\u00fcrl\u00fc\u011f\u00fc Deneyimleyin. Ayd\u0131nlatma Metni 'mizi okumak i\u00e7in t\u0131klayabilirsiniiz.","og_url":"https:\/\/www.sirenacar.com\/en\/aydinlatma-metni\/","og_site_name":"Kurumsal Ara\u00e7 Kiralama","article_publisher":"https:\/\/www.facebook.com\/sirenarentacar","article_modified_time":"2022-02-19T00:57:33+00:00","og_image":[{"url":"https:\/\/www.sirenacar.com\/wp-content\/uploads\/2022\/02\/Screenshot_1638722431.png","type":"","width":"","height":""}],"twitter_card":"summary_large_image","twitter_site":"@Sirenarentacar","twitter_misc":{"Est. reading time":"6 minutes"},"schema":{"@context":"https:\/\/schema.org","@graph":[{"@type":"WebPage","@id":"https:\/\/www.sirenacar.com\/aydinlatma-metni\/","url":"https:\/\/www.sirenacar.com\/aydinlatma-metni\/","name":"Ayd\u0131nlatma Metni &#8211; Kurumsal Ara\u00e7 Kiralama","isPartOf":{"@id":"https:\/\/www.sirenacar.com\/#website"},"primaryImageOfPage":{"@id":"https:\/\/www.sirenacar.com\/aydinlatma-metni\/#primaryimage"},"image":{"@id":"https:\/\/www.sirenacar.com\/aydinlatma-metni\/#primaryimage"},"thumbnailUrl":"https:\/\/www.sirenacar.com\/wp-content\/uploads\/2022\/02\/Screenshot_1638722431.png","datePublished":"2022-01-21T18:51:53+00:00","dateModified":"2022-02-19T00:57:33+00:00","description":"Sirena Car Kurumsal Ara\u00e7 Kiralama Hizmetleri ile \u00d6zg\u00fcrl\u00fc\u011f\u00fc Deneyimleyin. Ayd\u0131nlatma Metni 'mizi okumak i\u00e7in t\u0131klayabilirsiniiz.","breadcrumb":{"@id":"https:\/\/www.sirenacar.com\/aydinlatma-metni\/#breadcrumb"},"inLanguage":"en-US","potentialAction":[{"@type":"ReadAction","target":["https:\/\/www.sirenacar.com\/aydinlatma-metni\/"]}]},{"@type":"ImageObject","inLanguage":"en-US","@id":"https:\/\/www.sirenacar.com\/aydinlatma-metni\/#primaryimage","url":"https:\/\/www.sirenacar.com\/wp-content\/uploads\/2022\/02\/Screenshot_1638722431.png","contentUrl":"https:\/\/www.sirenacar.com\/wp-content\/uploads\/2022\/02\/Screenshot_1638722431.png"},{"@type":"BreadcrumbList","@id":"https:\/\/www.sirenacar.com\/aydinlatma-metni\/#breadcrumb","itemListElement":[{"@type":"ListItem","position":1,"name":"Kurumsal Ara\u00e7 Kiralama","item":"https:\/\/www.sirenacar.com\/"},{"@type":"ListItem","position":2,"name":"Ayd\u0131nlatma Metni"}]},{"@type":"WebSite","@id":"https:\/\/www.sirenacar.com\/#website","url":"https:\/\/www.sirenacar.com\/","name":"Corporate Car Rental","description":"Experience the Liberty","publisher":{"@id":"https:\/\/www.sirenacar.com\/#organization"},"potentialAction":[{"@type":"SearchAction","target":{"@type":"EntryPoint","urlTemplate":"https:\/\/www.sirenacar.com\/?s={search_term_string}"},"query-input":{"@type":"PropertyValueSpecification","valueRequired":true,"valueName":"search_term_string"}}],"inLanguage":"en-US"},{"@type":"Organization","@id":"https:\/\/www.sirenacar.com\/#organization","name":"Sirena Rent a Car","url":"https:\/\/www.sirenacar.com\/","logo":{"@type":"ImageObject","inLanguage":"en-US","@id":"https:\/\/www.sirenacar.com\/#\/schema\/logo\/image\/","url":"https:\/\/i0.wp.com\/www.sirenacar.com\/wp-content\/uploads\/2022\/01\/Sirena-Logo-RESMI-PNG.png?fit=2771%2C609&ssl=1","contentUrl":"https:\/\/i0.wp.com\/www.sirenacar.com\/wp-content\/uploads\/2022\/01\/Sirena-Logo-RESMI-PNG.png?fit=2771%2C609&ssl=1","width":2771,"height":609,"caption":"Sirena Rent a Car"},"image":{"@id":"https:\/\/www.sirenacar.com\/#\/schema\/logo\/image\/"},"sameAs":["https:\/\/www.facebook.com\/sirenarentacar","https:\/\/x.com\/Sirenarentacar","https:\/\/www.instagram.com\/sirenarentacar","https:\/\/www.linkedin.com\/company\/sirena-car"]}]}},"jetpack_sharing_enabled":true,"_links":{"self":[{"href":"https:\/\/www.sirenacar.com\/en\/wp-json\/wp\/v2\/pages\/3","targetHints":{"allow":["GET"]}}],"collection":[{"href":"https:\/\/www.sirenacar.com\/en\/wp-json\/wp\/v2\/pages"}],"about":[{"href":"https:\/\/www.sirenacar.com\/en\/wp-json\/wp\/v2\/types\/page"}],"author":[{"embeddable":true,"href":"https:\/\/www.sirenacar.com\/en\/wp-json\/wp\/v2\/users\/1"}],"replies":[{"embeddable":true,"href":"https:\/\/www.sirenacar.com\/en\/wp-json\/wp\/v2\/comments?post=3"}],"version-history":[{"count":7,"href":"https:\/\/www.sirenacar.com\/en\/wp-json\/wp\/v2\/pages\/3\/revisions"}],"predecessor-version":[{"id":592,"href":"https:\/\/www.sirenacar.com\/en\/wp-json\/wp\/v2\/pages\/3\/revisions\/592"}],"wp:attachment":[{"href":"https:\/\/www.sirenacar.com\/en\/wp-json\/wp\/v2\/media?parent=3"}],"curies":[{"name":"wp","href":"https:\/\/api.w.org\/{rel}","templated":true}]}}